{"id":144757,"date":"2023-06-12T11:59:33","date_gmt":"2023-06-12T09:59:33","guid":{"rendered":"https:\/\/guide.jtl-software.com\/creating-invoices\/"},"modified":"2023-10-09T15:53:59","modified_gmt":"2023-10-09T13:53:59","slug":"creating-invoices","status":"publish","type":"page","link":"https:\/\/guide.jtl-software.com\/en\/jtl-wawi\/sales\/creating-invoices\/","title":{"rendered":"Creating invoices"},"content":{"rendered":"<div class=\"wpb-content-wrapper\">[vc_row][vc_column width=&#8221;1\/3&#8243; responsive=&#8221;{&#8220;col&#8220;: &#8220;12&#8220;, &#8220;order-md&#8220;: &#8220;1&#8220;, &#8220;col-lg&#8220;: &#8220;4&#8220;, &#8220;order-lg&#8220;: &#8220;12&#8220;}&#8221; advanced=&#8221;{&#8220;class&#8220;: &#8220;&#8220;, &#8220;hash&#8220;: &#8220;&#8220;}&#8221;]<div id=\"toc\">\n\t<div class=\"card border-0 bg-rysywhite mt-0 mt-lg-5 mb-5 w-100\" data-toc-element>\n\t\t<div class=\"d-none d-lg-flex flex-column\">\n\t\t\t<span class=\"fa-layers mx-auto mt--4 fa-fw fa-3x text-shaftblue\">\n\t\t\t\t<span class=\"fas fa-circle\"><\/span>\n\t\t\t\t<span class=\"fas fa-inverse fa-list-ul\" data-fa-transform=\"shrink-8\"><\/span>\n\t\t\t<\/span>\n\t\t\t<span class=\"font-weight-bold text-shaftblue text-center h5 mt-3 mb-0\">Contents<\/span>\n\t\t<\/div>\n\t\t<div class=\"d-block d-lg-none\">\n\t\t\t<a class=\"text-decoration-none card-header-link collapsed\" data-toggle=\"collapse\" href=\"#collapse-toc\" aria-expanded=\"false\" aria-controls=\"collapse-toc\">\n\t\t\t\t<div class=\"card-header d-flex bg-white align-items-center\" role=\"tab\" id=\"heading-toc\">\n\t\t\t\t\t<span class=\"h4 mb-0 d-flex align-items-center\">\n\t\t\t\t\t\t<span class=\"fa-layers fa-fw fa-2x mr-2 text-shaftblue\">\n\t\t\t\t\t\t\t<span class=\"fas fa-circle\"><\/span>\n\t\t\t\t\t\t\t<span class=\"fas fa-inverse fa-list-ul\" data-fa-transform=\"shrink-8\"><\/span>\n\t\t\t\t\t\t<\/span>\n\t\t\t\t\t\t<span>Contents<\/span>\n\t\t\t\t\t<\/span>\n\t\t\t\t\t<span class=\"flex-shrink-0 ml-auto fas fa-caret-down text-gray\"><\/span>\n\t\t\t\t<\/div>\n\t\t\t<\/a>\n\t\t<\/div>\n\t\t<div id=\"collapse-toc\" class=\"collapse show\" data-parent=\"#toc\" role=\"tabpanel\" aria-labelledby=\"heading-toc\">\n\t\t\t<div class=\"card-body p-4 table-of-content\">\n\t\t\t\t<ul data-toc-headings=\"h2,h3\" data-toc class=\"list-wawi\"><\/ul>\n\t\t\t<\/div>\n\t    <\/div>\n\t<\/div>\n<\/div>[\/vc_column][vc_column responsive=&#8221;{&#8220;col&#8220;: &#8220;12&#8220;, &#8220;col-md&#8220;: &#8220;8&#8220;, &#8220;order-md&#8220;: &#8220;12&#8220;, &#8220;order-lg&#8220;: &#8220;1&#8220;}&#8221; width=&#8221;2\/3&#8243; advanced=&#8221;{&#8220;class&#8220;: &#8220;&#8220;, &#8220;hash&#8220;: &#8220;&#8220;}&#8221;]<h1 class=\"d-flex align-items-center hl-wawi\" id=\"creating-invoices-in-jtl-wawi\">Creating invoices in JTL-Wawi <span id='anchor-creating-invoices-in-jtl-wawi' data-href='#creating-invoices-in-jtl-wawi' class='far fa-link' data-anchor><\/span><\/h1><div class=\"custom-box\">\n\t<div class=\"d-flex align-items-center mb-4\">\n\t\t\t\t\t\t\t<span class=\"mr-3 fa-stack flex-shrink-0 fa-1x\">\n\t\t\t<span class=\"fas fa-circle fa-stack-2x text-shaftblue\"><\/span>\n\t\t\t\t\t<span class=\"flex-shrink-0 fas fa-clipboard-list text-white fa-stack-1x\"><\/span>\n\t\t\t\t\t<\/span>\n\t\t\t\t\n\t\t\n\t\t<h3 class=\"mb-0 \" id=\"your-task-initial-situation\">Your task\/initial situation <span id='anchor-your-task-initial-situation' data-href='#your-task-initial-situation' class='far fa-link' data-anchor><\/span><\/h3>\t<\/div>\n\t<div class=\"box-content\">\n\t\tYou have created a sales order in JTL-Wawi. You now want to create an invoice for this sales order.\t<\/div>\n<\/div>\n<h2 class=\"d-flex align-items-center hl-wawi\" id=\"creating-invoices\">Creating invoices <span id='anchor-creating-invoices' data-href='#creating-invoices' class='far fa-link' data-anchor><\/span><\/h2>\t<p>Basically, you have several options for creating an invoice in JTL-Wawi. For example, you can create an invoice directly from the sales order in the <span class=\"highlight\">Sales<\/span> area. Alternatively, you can also create the invoice during the shipping process together with the delivery note.<\/p>\n<h3 class=\"d-flex align-items-center hl-wawi\" id=\"creating-invoices-from-sales-orders\">Creating invoices from sales orders <span id='anchor-creating-invoices-from-sales-orders' data-href='#creating-invoices-from-sales-orders' class='far fa-link' data-anchor><\/span><\/h3><ol start=\"1\" class=\"list-reset step mb-5 list-wawi normal-step\">\n\t<li class=\"media-single-line\">\n\tClick on the <span class=\"highlight\">Sales<\/span> icon to go to the sales management in JTL-Wawi.<\/li><li class=\"media-single-line\">\n\tW\u00e4hlen Sie die Kategorie <span class=\"highlight\">Auftr\u00e4ge &gt; Ohne Rechnung<\/span>.<\/li><\/ol>\t<p>In dieser Kategorie sehen Sie alle aktuellen Auftr\u00e4ge, f\u00fcr die noch keine Rechnung erzeugt wurde. \u00dcber die Spalte <span class=\"highlight\">Offener Betrag<\/span> k\u00f6nnen Sie die Auftr\u00e4ge danach sortieren, ob sie bereits gezahlt wurden. Wenn die Auftr\u00e4ge bezahlt wurden, ist der offene Betrag 0.<\/p>\n<ol start=\"3\" class=\"list-reset step mb-5 list-wawi normal-step\">\n\t<li class=\"media-single-line\">\n\tSelect the desired sales orders and click&nbsp;<span class=\"highlight\">Create invoice<\/span>.<\/li><\/ol>\t\t\t\t\t\t<div data-gallery>\n\t\t\t\t\t\t\t\t\t<a href=\"https:\/\/guide.jtl-software.com\/uploads\/uebersicht-rechnungsverwaltung-jtl-wawi.png\" itemprop=\"contentUrl\">\n\t\t\t\t\t\t\t<img loading=\"lazy\" decoding=\"async\" src=\"https:\/\/guide.jtl-software.com\/uploads\/uebersicht-rechnungsverwaltung-jtl-wawi.png\" srcset=\"https:\/\/guide.jtl-software.com\/uploads\/uebersicht-rechnungsverwaltung-jtl-wawi.png 1600w,https:\/\/guide.jtl-software.com\/uploads\/uebersicht-rechnungsverwaltung-jtl-wawi-1024x528.png 1024w,https:\/\/guide.jtl-software.com\/uploads\/uebersicht-rechnungsverwaltung-jtl-wawi-768x396.png 640w\" width=\"1915\" sizes=\"auto, (max-width: 20em) 30vw, (max-width: 30em) 60vw, (max-width: 40em) 90vw\" height=\"988\" data-pswp=\"{&quot;src&quot;:&quot;https:\\\/\\\/guide.jtl-software.com\\\/uploads\\\/uebersicht-rechnungsverwaltung-jtl-wawi.png&quot;,&quot;w&quot;:1915,&quot;h&quot;:988}\" class=\"border-defaultgray border-w-1 border img-fluid mb-5\">\n\t\t\t\t\t\t\t<\/a>\n\t\t\t\t\t\t\t\t<\/div>\n\t\t\t\t<p>\u00dcber den Pfeil in der Schaltfl\u00e4che <span class=\"highlight\">Rechnung erstellen<\/span> haben Sie zus\u00e4tzliche M\u00f6glichkeiten:<\/p>\n\t\t\t\t\t\t<div data-gallery>\n\t\t\t\t\t\t\t\t\t<a href=\"https:\/\/guide.jtl-software.com\/uploads\/rechnung-weitere-optionen-jtl-wawi.png\" itemprop=\"contentUrl\">\n\t\t\t\t\t\t\t<img loading=\"lazy\" decoding=\"async\" src=\"https:\/\/guide.jtl-software.com\/uploads\/rechnung-weitere-optionen-jtl-wawi.png\" srcset=\"https:\/\/guide.jtl-software.com\/uploads\/rechnung-weitere-optionen-jtl-wawi.png 1600w,https:\/\/guide.jtl-software.com\/uploads\/rechnung-weitere-optionen-jtl-wawi-1024x93.png 1024w,https:\/\/guide.jtl-software.com\/uploads\/rechnung-weitere-optionen-jtl-wawi-768x69.png 640w\" width=\"1372\" sizes=\"auto, (max-width: 20em) 30vw, (max-width: 30em) 60vw, (max-width: 40em) 90vw\" height=\"124\" data-pswp=\"{&quot;src&quot;:&quot;https:\\\/\\\/guide.jtl-software.com\\\/uploads\\\/rechnung-weitere-optionen-jtl-wawi.png&quot;,&quot;w&quot;:1372,&quot;h&quot;:124}\" class=\"border-defaultgray border-w-1 border img-fluid mb-5\">\n\t\t\t\t\t\t\t<\/a>\n\t\t\t\t\t\t\t\t<\/div>\n\t\t\t\t<p><strong>Mit Vorschau:<\/strong> Erstellt eine Rechnung in JTL-Wawi und erstellt eine Vorschau.<\/p>\n<hr  \/>\n\t<p><strong>Ohne Vorschau:<\/strong> Erstellt eine Rechnung in JTL-Wawi ohne eine Vorschau.<\/p>\n<hr  \/>\n\t<p><strong>Ohne Vorschau mit Ausgabe:<\/strong> Erstellt eine Rechnung ohne Vorschau und gibt diese anschlie\u00dfend aus. Sie k\u00f6nnen die Rechnung drucken, faxen, mailen, speichern oder exportieren.<\/p>\n<h3 class=\"d-flex align-items-center hl-wawi\" id=\"creating-invoices-during-the-shipping-process\">Creating invoices during the shipping process <span id='anchor-creating-invoices-during-the-shipping-process' data-href='#creating-invoices-during-the-shipping-process' class='far fa-link' data-anchor><\/span><\/h3>\t<p>You can also create an invoice as part of the shipment. Read our documentation on <span style=\"color: #f68b25;\"><a style=\"color: #f68b25;\" href=\"https:\/\/guide.jtl-software.com\/jtl-wawi\/versand\/einzelne-auftraege-ausliefern\/\">Shipment<\/a><\/span>.<\/p>\n<div class=\"mt-5 card\">\n\t\t\t<span class=\"fa-layers mx-auto mt--4 fa-fw fa-3x text-wawi\">\n\t\t\t<span class=\"fas fa-circle\"><\/span>\n\t\t\t<span data-fa-transform=\"shrink-8\" class=\"fas fa-link fa-inverse\"><\/span>\n\t\t<\/span>\n\t\t\t<div class=\"card-body p-4\">\n\t\t<h4 class=\"d-flex align-items-center hl-wawi\" id=\"related-topics\">Related topics <span id='anchor-related-topics' data-href='#related-topics' class='far fa-link' data-anchor><\/span><\/h4>\n<ul class=\"list-reset list-icons list-custom-square list-wawi\">\n\t\t\t\t\t\t<li>\n\t\t\t\t<a href=\"https:\/\/guide.jtl-software.com\/en\/jtl-wawi\/sales\/changing-or-cancelling-invoices\/\" title=\"Changing or cancelling invoices\">\n\t\t\t\t\t<span class=\"list-icon fas fa-square\"><\/span>\t\t\t\t\tChanging or cancelling invoices\t\t\t\t<\/a>\n\t\t\t<\/li>\n\t\t\t\t\t<li>\n\t\t\t\t<a href=\"https:\/\/guide.jtl-software.com\/en\/jtl-wawi\/sales\/printing-and-sending-invoices\/\" title=\"Printing and sending invoices\">\n\t\t\t\t\t<span class=\"list-icon fas fa-square\"><\/span>\t\t\t\t\tPrinting and sending invoices\t\t\t\t<\/a>\n\t\t\t<\/li>\n\t\t\t\t\t<li>\n\t\t\t\t<a href=\"https:\/\/guide.jtl-software.com\/en\/jtl-wawi\/sales\/marking-invoices-as-paid\/\" title=\"Marking invoices as paid\">\n\t\t\t\t\t<span class=\"list-icon fas fa-square\"><\/span>\t\t\t\t\tMarking invoices as paid\t\t\t\t<\/a>\n\t\t\t<\/li>\n\t\t\t\t<\/ul>\t<\/div>\n<\/div>[\/vc_column][\/vc_row]<\/div>","protected":false},"excerpt":{"rendered":"[vc_row][vc_column width=&#8221;1\/3&#8243; responsive=&#8221;{&#8220;col&#8220;: &#8220;12&#8220;, &#8220;order-md&#8220;: &#8220;1&#8220;, &#8220;col-lg&#8220;: &#8220;4&#8220;, &#8220;order-lg&#8220;: &#8220;12&#8220;}&#8221; advanced=&#8221;{&#8220;class&#8220;: &#8220;&#8220;, &#8220;hash&#8220;: &#8220;&#8220;}&#8221;][\/vc_column][vc_column responsive=&#8221;{&#8220;col&#8220;: &#8220;12&#8220;, &#8220;col-md&#8220;: &#8220;8&#8220;, &#8220;order-md&#8220;: &#8220;12&#8220;, <a href=\"https:\/\/guide.jtl-software.com\/en\/jtl-wawi\/sales\/marking-invoices-as-paid\/\">[&#8230;]<\/a>","protected":false},"author":2,"featured_media":0,"parent":251734,"menu_order":490,"comment_status":"closed","ping_status":"closed","template":"","meta":{"_acf_changed":false,"_relevanssi_hide_post":"","_relevanssi_hide_content":"","_relevanssi_pin_for_all":"","_relevanssi_pin_keywords":"","_relevanssi_unpin_keywords":"","_relevanssi_related_keywords":"","_relevanssi_related_include_ids":"","_relevanssi_related_exclude_ids":"","_relevanssi_related_no_append":"","_relevanssi_related_not_related":"","_relevanssi_related_posts":"","_relevanssi_noindex_reason":"","footnotes":""},"tags":[],"class_list":["post-144757","page","type-page","status-publish","hentry","pages_category-rechnungen-en"],"acf":[],"yoast_head":"<!-- This site is optimized with the Yoast SEO plugin v26.8 - https:\/\/yoast.com\/product\/yoast-seo-wordpress\/ -->\n<title>Creating invoices &#8211; JTL-Guide<\/title>\n<meta name=\"robots\" content=\"index, follow, max-snippet:-1, max-image-preview:large, max-video-preview:-1\" \/>\n<link rel=\"canonical\" href=\"https:\/\/guide.jtl-software.com\/en\/jtl-wawi\/sales\/creating-invoices\/\" \/>\n<meta property=\"og:locale\" content=\"en_US\" \/>\n<meta property=\"og:type\" content=\"article\" \/>\n<meta property=\"og:title\" content=\"Creating invoices &#8211; JTL-Guide\" \/>\n<meta property=\"og:description\" content=\"[vc_row][vc_column width=&#8221;1\/3&#8243; responsive=&#8221;{&#8220;col&#8220;: &#8220;12&#8220;, &#8220;order-md&#8220;: &#8220;1&#8220;, &#8220;col-lg&#8220;: &#8220;4&#8220;, &#8220;order-lg&#8220;: &#8220;12&#8220;}&#8221; advanced=&#8221;{&#8220;class&#8220;: &#8220;&#8220;, &#8220;hash&#8220;: &#8220;&#8220;}&#8221;][\/vc_column][vc_column responsive=&#8221;{&#8220;col&#8220;: &#8220;12&#8220;, &#8220;col-md&#8220;: &#8220;8&#8220;, &#8220;order-md&#8220;: &#8220;12&#8220;, [...]\" \/>\n<meta property=\"og:url\" content=\"https:\/\/guide.jtl-software.com\/en\/jtl-wawi\/sales\/creating-invoices\/\" \/>\n<meta property=\"og:site_name\" content=\"JTL-Guide\" \/>\n<meta property=\"article:modified_time\" content=\"2023-10-09T13:53:59+00:00\" \/>\n<meta name=\"twitter:card\" content=\"summary_large_image\" \/>\n<meta name=\"twitter:label1\" content=\"Est. reading time\" \/>\n\t<meta name=\"twitter:data1\" content=\"4 minutes\" \/>\n<script type=\"application\/ld+json\" class=\"yoast-schema-graph\">{\"@context\":\"https:\/\/schema.org\",\"@graph\":[{\"@type\":\"WebPage\",\"@id\":\"https:\/\/guide.jtl-software.com\/en\/jtl-wawi\/sales\/creating-invoices\/\",\"url\":\"https:\/\/guide.jtl-software.com\/en\/jtl-wawi\/sales\/creating-invoices\/\",\"name\":\"Creating invoices &#8211; JTL-Guide\",\"isPartOf\":{\"@id\":\"https:\/\/guide.jtl-software.com\/en\/#website\"},\"datePublished\":\"2023-06-12T09:59:33+00:00\",\"dateModified\":\"2023-10-09T13:53:59+00:00\",\"breadcrumb\":{\"@id\":\"https:\/\/guide.jtl-software.com\/en\/jtl-wawi\/sales\/creating-invoices\/#breadcrumb\"},\"inLanguage\":\"en-en\",\"potentialAction\":[{\"@type\":\"ReadAction\",\"target\":[\"https:\/\/guide.jtl-software.com\/en\/jtl-wawi\/sales\/creating-invoices\/\"]}]},{\"@type\":\"BreadcrumbList\",\"@id\":\"https:\/\/guide.jtl-software.com\/en\/jtl-wawi\/sales\/creating-invoices\/#breadcrumb\",\"itemListElement\":[{\"@type\":\"ListItem\",\"position\":1,\"name\":\"JTL-Wawi\",\"item\":\"https:\/\/guide.jtl-software.com\/en\/jtl-wawi\/\"},{\"@type\":\"ListItem\",\"position\":2,\"name\":\"Creating invoices\"}]},{\"@type\":\"WebSite\",\"@id\":\"https:\/\/guide.jtl-software.com\/en\/#website\",\"url\":\"https:\/\/guide.jtl-software.com\/en\/\",\"name\":\"JTL-Guide\",\"description\":\"Dokumentation f\u00fcr die gesamte Produktfamilie von JTL\",\"potentialAction\":[{\"@type\":\"SearchAction\",\"target\":{\"@type\":\"EntryPoint\",\"urlTemplate\":\"https:\/\/guide.jtl-software.com\/en\/?s={search_term_string}\"},\"query-input\":{\"@type\":\"PropertyValueSpecification\",\"valueRequired\":true,\"valueName\":\"search_term_string\"}}],\"inLanguage\":\"en-en\"}]}<\/script>\n<!-- \/ Yoast SEO plugin. -->","yoast_head_json":{"title":"Creating invoices &#8211; JTL-Guide","robots":{"index":"index","follow":"follow","max-snippet":"max-snippet:-1","max-image-preview":"max-image-preview:large","max-video-preview":"max-video-preview:-1"},"canonical":"https:\/\/guide.jtl-software.com\/en\/jtl-wawi\/sales\/creating-invoices\/","og_locale":"en_US","og_type":"article","og_title":"Creating invoices &#8211; JTL-Guide","og_description":"[vc_row][vc_column width=&#8221;1\/3&#8243; responsive=&#8221;{&#8220;col&#8220;: &#8220;12&#8220;, &#8220;order-md&#8220;: &#8220;1&#8220;, &#8220;col-lg&#8220;: &#8220;4&#8220;, &#8220;order-lg&#8220;: &#8220;12&#8220;}&#8221; advanced=&#8221;{&#8220;class&#8220;: &#8220;&#8220;, &#8220;hash&#8220;: &#8220;&#8220;}&#8221;][\/vc_column][vc_column responsive=&#8221;{&#8220;col&#8220;: &#8220;12&#8220;, &#8220;col-md&#8220;: &#8220;8&#8220;, &#8220;order-md&#8220;: &#8220;12&#8220;, [...]","og_url":"https:\/\/guide.jtl-software.com\/en\/jtl-wawi\/sales\/creating-invoices\/","og_site_name":"JTL-Guide","article_modified_time":"2023-10-09T13:53:59+00:00","twitter_card":"summary_large_image","twitter_misc":{"Est. reading time":"4 minutes"},"schema":{"@context":"https:\/\/schema.org","@graph":[{"@type":"WebPage","@id":"https:\/\/guide.jtl-software.com\/en\/jtl-wawi\/sales\/creating-invoices\/","url":"https:\/\/guide.jtl-software.com\/en\/jtl-wawi\/sales\/creating-invoices\/","name":"Creating invoices &#8211; JTL-Guide","isPartOf":{"@id":"https:\/\/guide.jtl-software.com\/en\/#website"},"datePublished":"2023-06-12T09:59:33+00:00","dateModified":"2023-10-09T13:53:59+00:00","breadcrumb":{"@id":"https:\/\/guide.jtl-software.com\/en\/jtl-wawi\/sales\/creating-invoices\/#breadcrumb"},"inLanguage":"en-en","potentialAction":[{"@type":"ReadAction","target":["https:\/\/guide.jtl-software.com\/en\/jtl-wawi\/sales\/creating-invoices\/"]}]},{"@type":"BreadcrumbList","@id":"https:\/\/guide.jtl-software.com\/en\/jtl-wawi\/sales\/creating-invoices\/#breadcrumb","itemListElement":[{"@type":"ListItem","position":1,"name":"JTL-Wawi","item":"https:\/\/guide.jtl-software.com\/en\/jtl-wawi\/"},{"@type":"ListItem","position":2,"name":"Creating invoices"}]},{"@type":"WebSite","@id":"https:\/\/guide.jtl-software.com\/en\/#website","url":"https:\/\/guide.jtl-software.com\/en\/","name":"JTL-Guide","description":"Dokumentation f\u00fcr die gesamte Produktfamilie von JTL","potentialAction":[{"@type":"SearchAction","target":{"@type":"EntryPoint","urlTemplate":"https:\/\/guide.jtl-software.com\/en\/?s={search_term_string}"},"query-input":{"@type":"PropertyValueSpecification","valueRequired":true,"valueName":"search_term_string"}}],"inLanguage":"en-en"}]}},"_links":{"self":[{"href":"https:\/\/guide.jtl-software.com\/en\/wp-json\/wp\/v2\/pages\/144757","targetHints":{"allow":["GET"]}}],"collection":[{"href":"https:\/\/guide.jtl-software.com\/en\/wp-json\/wp\/v2\/pages"}],"about":[{"href":"https:\/\/guide.jtl-software.com\/en\/wp-json\/wp\/v2\/types\/page"}],"author":[{"embeddable":true,"href":"https:\/\/guide.jtl-software.com\/en\/wp-json\/wp\/v2\/users\/2"}],"replies":[{"embeddable":true,"href":"https:\/\/guide.jtl-software.com\/en\/wp-json\/wp\/v2\/comments?post=144757"}],"version-history":[{"count":5,"href":"https:\/\/guide.jtl-software.com\/en\/wp-json\/wp\/v2\/pages\/144757\/revisions"}],"predecessor-version":[{"id":235729,"href":"https:\/\/guide.jtl-software.com\/en\/wp-json\/wp\/v2\/pages\/144757\/revisions\/235729"}],"up":[{"embeddable":true,"href":"https:\/\/guide.jtl-software.com\/en\/wp-json\/wp\/v2\/pages\/251734"}],"wp:attachment":[{"href":"https:\/\/guide.jtl-software.com\/en\/wp-json\/wp\/v2\/media?parent=144757"}],"wp:term":[{"taxonomy":"post_tag","embeddable":true,"href":"https:\/\/guide.jtl-software.com\/en\/wp-json\/wp\/v2\/tags?post=144757"}],"curies":[{"name":"wp","href":"https:\/\/api.w.org\/{rel}","templated":true}]}}