{"id":189097,"date":"2020-02-28T10:24:25","date_gmt":"2020-02-28T09:24:25","guid":{"rendered":"https:\/\/guide.jtl-software.com\/goods-issue\/dialogue-box-sales-order-overview\/"},"modified":"2023-06-14T14:43:09","modified_gmt":"2023-06-14T12:43:09","slug":"dialogue-box-sales-order-overview","status":"publish","type":"page","link":"https:\/\/guide.jtl-software.com\/en\/jtl-wms\/goods-issue\/dialogue-box-sales-order-overview\/","title":{"rendered":"Dialogue box: Sales order overview"},"content":{"rendered":"<div class=\"wpb-content-wrapper\">[vc_row][vc_column width=&#8221;1\/3&#8243; responsive=&#8221;{&#8220;col&#8220;: &#8220;12&#8220;, &#8220;order-md&#8220;: &#8220;1&#8220;, &#8220;col-lg&#8220;: &#8220;4&#8220;, &#8220;order-lg&#8220;: &#8220;12&#8220;}&#8221; advanced=&#8221;{&#8220;class&#8220;: &#8220;&#8220;, &#8220;hash&#8220;: &#8220;&#8220;}&#8221;]<div id=\"toc\">\n\t<div class=\"card border-0 bg-rysywhite mt-0 mt-lg-5 mb-5 w-100\" data-toc-element>\n\t\t<div class=\"d-none d-lg-flex flex-column\">\n\t\t\t<span class=\"fa-layers mx-auto mt--4 fa-fw fa-3x text-shaftblue\">\n\t\t\t\t<span class=\"fas fa-circle\"><\/span>\n\t\t\t\t<span class=\"fas fa-inverse fa-list-ul\" data-fa-transform=\"shrink-8\"><\/span>\n\t\t\t<\/span>\n\t\t\t<span class=\"font-weight-bold text-shaftblue text-center h5 mt-3 mb-0\">Contents<\/span>\n\t\t<\/div>\n\t\t<div class=\"d-block d-lg-none\">\n\t\t\t<a class=\"text-decoration-none card-header-link collapsed\" data-toggle=\"collapse\" href=\"#collapse-toc\" aria-expanded=\"false\" aria-controls=\"collapse-toc\">\n\t\t\t\t<div class=\"card-header d-flex bg-white align-items-center\" role=\"tab\" id=\"heading-toc\">\n\t\t\t\t\t<span class=\"h4 mb-0 d-flex align-items-center\">\n\t\t\t\t\t\t<span class=\"fa-layers fa-fw fa-2x mr-2 text-shaftblue\">\n\t\t\t\t\t\t\t<span class=\"fas fa-circle\"><\/span>\n\t\t\t\t\t\t\t<span class=\"fas fa-inverse fa-list-ul\" data-fa-transform=\"shrink-8\"><\/span>\n\t\t\t\t\t\t<\/span>\n\t\t\t\t\t\t<span>Contents<\/span>\n\t\t\t\t\t<\/span>\n\t\t\t\t\t<span class=\"flex-shrink-0 ml-auto fas fa-caret-down text-gray\"><\/span>\n\t\t\t\t<\/div>\n\t\t\t<\/a>\n\t\t<\/div>\n\t\t<div id=\"collapse-toc\" class=\"collapse show\" data-parent=\"#toc\" role=\"tabpanel\" aria-labelledby=\"heading-toc\">\n\t\t\t<div class=\"card-body p-4 table-of-content\">\n\t\t\t\t<ul data-toc-headings=\"h2,h3\" data-toc class=\"list-wms\"><\/ul>\n\t\t\t<\/div>\n\t    <\/div>\n\t<\/div>\n<\/div>[\/vc_column][vc_column responsive=&#8221;{&#8220;col&#8220;: &#8220;12&#8220;, &#8220;col-md&#8220;: &#8220;8&#8220;, &#8220;order-md&#8220;: &#8220;12&#8220;, &#8220;order-lg&#8220;: &#8220;1&#8220;}&#8221; width=&#8221;2\/3&#8243; advanced=&#8221;{&#8220;class&#8220;: &#8220;&#8220;, &#8220;hash&#8220;: &#8220;&#8220;}&#8221;]<h1 class=\"d-flex align-items-center hl-wms\" id=\"dialogue-box-sales-order-overview\">Dialogue box: Sales order overview <span id='anchor-dialogue-box-sales-order-overview' data-href='#dialogue-box-sales-order-overview' class='far fa-link' data-anchor><\/span><\/h1>\t<p>The sales order overview can be accessed in JTL-WMS via <span class=\"highlight\">Goods issue &gt; Sales order overview<\/span>.<\/p>\n\t\t\t\t\t\t<div data-gallery>\n\t\t\t\t\t\t\t\t\t<a href=\"https:\/\/guide.jtl-software.com\/uploads\/auftragss\u00fcbersicht-warenausgang-jtl-wms.png\" itemprop=\"contentUrl\">\n\t\t\t\t\t\t\t<img loading=\"lazy\" decoding=\"async\" src=\"https:\/\/guide.jtl-software.com\/uploads\/auftragss\u00fcbersicht-warenausgang-jtl-wms.png\" srcset=\"https:\/\/guide.jtl-software.com\/uploads\/auftragss\u00fcbersicht-warenausgang-jtl-wms.png 1600w,https:\/\/guide.jtl-software.com\/uploads\/auftragss\u00fcbersicht-warenausgang-jtl-wms-1024x545.png 1024w,https:\/\/guide.jtl-software.com\/uploads\/auftragss\u00fcbersicht-warenausgang-jtl-wms-768x409.png 640w\" width=\"2560\" sizes=\"auto, (max-width: 20em) 30vw, (max-width: 30em) 60vw, (max-width: 40em) 90vw\" height=\"1362\" data-pswp=\"{&quot;src&quot;:&quot;https:\\\/\\\/guide.jtl-software.com\\\/uploads\\\/auftragss\\u00fcbersicht-warenausgang-jtl-wms.png&quot;,&quot;w&quot;:2560,&quot;h&quot;:1362}\" class=\"border img-fluid mb-5\">\n\t\t\t\t\t\t\t<\/a>\n\t\t\t\t\t\t\t\t<\/div>\n\t\t\t<h2 class=\"d-flex align-items-center hl-wawi\" id=\"information\">Information <span id='anchor-information' data-href='#information' class='far fa-link' data-anchor><\/span><\/h2><h3 class=\"d-flex align-items-center hl-wawi\" id=\"pane-a-sales-order-overview\">Pane A: Sales order overview <span id='anchor-pane-a-sales-order-overview' data-href='#pane-a-sales-order-overview' class='far fa-link' data-anchor><\/span><\/h3>\t<p>In the sales order overview, you can see all sales orders that have not yet been delivered.<\/p>\n<h3 class=\"d-flex align-items-center hl-wawi\" id=\"pane-b-sales-order-line-items\">Pane B: Sales order line items <span id='anchor-pane-b-sales-order-line-items' data-href='#pane-b-sales-order-line-items' class='far fa-link' data-anchor><\/span><\/h3>\t<p>If you select a sales order in the upper table, the system displays the corresponding line items here.<\/p>\n<h3 class=\"d-flex align-items-center hl-wawi\" id=\"pane-c-sales-order-details\">Pane C: Sales order details <span id='anchor-pane-c-sales-order-details' data-href='#pane-c-sales-order-details' class='far fa-link' data-anchor><\/span><\/h3>\t<p>Here you can see the most important information about the selected sales order. In the menu <span class=\"highlight\">Settings &gt;Warehouse options &gt; General Options &gt; Configure &#8216;Sales order&#8217; info box<\/span>, you can determine what information is displayed in this area.<\/p>\n<h2 class=\"d-flex align-items-center hl-wawi\" id=\"functions\">Functions <span id='anchor-functions' data-href='#functions' class='far fa-link' data-anchor><\/span><\/h2><h3 class=\"d-flex align-items-center hl-wawi\" id=\"searching-for-sales-orders\">Searching for sales orders <span id='anchor-searching-for-sales-orders' data-href='#searching-for-sales-orders' class='far fa-link' data-anchor><\/span><\/h3>\t<p>Open the search and filter options in the order overview via the magnifying glass.<\/p>\n<p>You can combine different filters with each other to get the most accurate result.<\/p>\n\t\t\t\t\t\t<div data-gallery>\n\t\t\t\t\t\t\t\t\t<a href=\"https:\/\/guide.jtl-software.com\/uploads\/auftragss\u00fcbersicht-warenausgang-suche-jtl-wms.png\" itemprop=\"contentUrl\">\n\t\t\t\t\t\t\t<img loading=\"lazy\" decoding=\"async\" src=\"https:\/\/guide.jtl-software.com\/uploads\/auftragss\u00fcbersicht-warenausgang-suche-jtl-wms.png\" srcset=\"https:\/\/guide.jtl-software.com\/uploads\/auftragss\u00fcbersicht-warenausgang-suche-jtl-wms.png 1600w,https:\/\/guide.jtl-software.com\/uploads\/auftragss\u00fcbersicht-warenausgang-suche-jtl-wms-1024x643.png 1024w,https:\/\/guide.jtl-software.com\/uploads\/auftragss\u00fcbersicht-warenausgang-suche-jtl-wms-768x482.png 640w\" width=\"2231\" sizes=\"auto, (max-width: 20em) 30vw, (max-width: 30em) 60vw, (max-width: 40em) 90vw\" height=\"1400\" data-pswp=\"{&quot;src&quot;:&quot;https:\\\/\\\/guide.jtl-software.com\\\/uploads\\\/auftragss\\u00fcbersicht-warenausgang-suche-jtl-wms.png&quot;,&quot;w&quot;:2231,&quot;h&quot;:1400}\" class=\"border img-fluid mb-5\">\n\t\t\t\t\t\t\t<\/a>\n\t\t\t\t\t\t\t\t<\/div>\n\t\t\t<h3 class=\"d-flex align-items-center hl-wawi\" id=\"placing-sales-orders-on-a-pick-list\">Placing sales orders on a pick list <span id='anchor-placing-sales-orders-on-a-pick-list' data-href='#placing-sales-orders-on-a-pick-list' class='far fa-link' data-anchor><\/span><\/h3>\t<p>Aus der Auftrags\u00fcbersicht heraus k\u00f6nnen Sie einen markierten Auftrag auf eine Pickliste setzen. \u00d6ffnen Sie dazu in der Auftrags\u00fcbersicht unten Links \u00fcber das Pfeilsymbol das Men\u00fc und w\u00e4hlen Sie <span class=\"highlight\">Auf Pickliste setze<\/span><span class=\"highlight\">n<\/span>.<\/p>\n\t\t\t\t\t\t<div data-gallery>\n\t\t\t\t\t\t\t\t\t<a href=\"https:\/\/guide.jtl-software.com\/uploads\/auftragss\u00fcbersicht-warenausgang-auftr\u00e4ge-auf-pickliste-setzen-jtl-wms.png\" itemprop=\"contentUrl\">\n\t\t\t\t\t\t\t<img loading=\"lazy\" decoding=\"async\" src=\"https:\/\/guide.jtl-software.com\/uploads\/auftragss\u00fcbersicht-warenausgang-auftr\u00e4ge-auf-pickliste-setzen-jtl-wms.png\" srcset=\"https:\/\/guide.jtl-software.com\/uploads\/auftragss\u00fcbersicht-warenausgang-auftr\u00e4ge-auf-pickliste-setzen-jtl-wms.png 1600w,https:\/\/guide.jtl-software.com\/uploads\/auftragss\u00fcbersicht-warenausgang-auftr\u00e4ge-auf-pickliste-setzen-jtl-wms-1024x620.png 1024w,https:\/\/guide.jtl-software.com\/uploads\/auftragss\u00fcbersicht-warenausgang-auftr\u00e4ge-auf-pickliste-setzen-jtl-wms-768x465.png 640w\" width=\"1387\" sizes=\"auto, (max-width: 20em) 30vw, (max-width: 30em) 60vw, (max-width: 40em) 90vw\" height=\"840\" data-pswp=\"{&quot;src&quot;:&quot;https:\\\/\\\/guide.jtl-software.com\\\/uploads\\\/auftragss\\u00fcbersicht-warenausgang-auftr\\u00e4ge-auf-pickliste-setzen-jtl-wms.png&quot;,&quot;w&quot;:1387,&quot;h&quot;:840}\" class=\"border img-fluid mb-5\">\n\t\t\t\t\t\t\t<\/a>\n\t\t\t\t\t\t\t\t<\/div>\n\t\t\t<h3 class=\"d-flex align-items-center hl-wawi\" id=\"triggering-workflow-events\">Triggering workflow events <span id='anchor-triggering-workflow-events' data-href='#triggering-workflow-events' class='far fa-link' data-anchor><\/span><\/h3>\t<p>In the sales order overview, you can trigger workflow events manually in various panes.<\/p>\n<p>For more information about manual workflow events, please refer to the following help pages:<\/p>\n<div class=\"mb-5 btn-helper m--1\">\n\t<a href=\"https:\/\/guide.jtl-software.com\/jtl-wawi\/jtl-workflows\/manuelle-workflow-ereignisse\/\" title=\"Manual workflow events\" class=\"btn-wms btn m-1\">\n\t\tManual workflow events<\/a><\/div>\t\t\t\t\t\t<div data-gallery>\n\t\t\t\t\t\t\t\t\t<a href=\"https:\/\/guide.jtl-software.com\/uploads\/auftragss\u00fcbersicht-warenausgang-workflow-ereignisse-manuell-ausl\u00f6sen-jtl-wms.png\" itemprop=\"contentUrl\">\n\t\t\t\t\t\t\t<img loading=\"lazy\" decoding=\"async\" src=\"https:\/\/guide.jtl-software.com\/uploads\/auftragss\u00fcbersicht-warenausgang-workflow-ereignisse-manuell-ausl\u00f6sen-jtl-wms.png\" srcset=\"https:\/\/guide.jtl-software.com\/uploads\/auftragss\u00fcbersicht-warenausgang-workflow-ereignisse-manuell-ausl\u00f6sen-jtl-wms.png 1600w,https:\/\/guide.jtl-software.com\/uploads\/auftragss\u00fcbersicht-warenausgang-workflow-ereignisse-manuell-ausl\u00f6sen-jtl-wms-1024x549.png 1024w,https:\/\/guide.jtl-software.com\/uploads\/auftragss\u00fcbersicht-warenausgang-workflow-ereignisse-manuell-ausl\u00f6sen-jtl-wms-768x412.png 640w\" width=\"2560\" sizes=\"auto, (max-width: 20em) 30vw, (max-width: 30em) 60vw, (max-width: 40em) 90vw\" height=\"1372\" data-pswp=\"{&quot;src&quot;:&quot;https:\\\/\\\/guide.jtl-software.com\\\/uploads\\\/auftragss\\u00fcbersicht-warenausgang-workflow-ereignisse-manuell-ausl\\u00f6sen-jtl-wms.png&quot;,&quot;w&quot;:2560,&quot;h&quot;:1372}\" class=\"border img-fluid mb-5\">\n\t\t\t\t\t\t\t<\/a>\n\t\t\t\t\t\t\t\t<\/div>\n\t\t\t<h3 class=\"d-flex align-items-center hl-wawi\" id=\"editing-the-shipping-address\">Editing the shipping address <span id='anchor-editing-the-shipping-address' data-href='#editing-the-shipping-address' class='far fa-link' data-anchor><\/span><\/h3>\t<p>In the sales order details on the right side, you can check the shipping address. If you want to edit the shipping address, click on the house symbol. The Editing the shipping address dialogue box opens, in which you can adjust the data.<\/p>\n[vc_row_inner][vc_column_inner responsive=&#8221;{&#8220;col&#8220;:&#8220;12&#8220;,&#8220;col-md&#8220;:&#8220;6&#8220;}&#8221; width=&#8221;1\/2&#8243;]\t\t\t\t\t\t<div data-gallery>\n\t\t\t\t\t\t\t\t\t<a href=\"https:\/\/guide.jtl-software.com\/uploads\/auftragss\u00fcbersicht-warenausgang-symbol-lieferadresse-bearbeiten-jtl-wms.png\" itemprop=\"contentUrl\">\n\t\t\t\t\t\t\t<img loading=\"lazy\" decoding=\"async\" src=\"https:\/\/guide.jtl-software.com\/uploads\/auftragss\u00fcbersicht-warenausgang-symbol-lieferadresse-bearbeiten-jtl-wms.png\" srcset=\"https:\/\/guide.jtl-software.com\/uploads\/auftragss\u00fcbersicht-warenausgang-symbol-lieferadresse-bearbeiten-jtl-wms.png 1600w,https:\/\/guide.jtl-software.com\/uploads\/auftragss\u00fcbersicht-warenausgang-symbol-lieferadresse-bearbeiten-jtl-wms.png 1024w,https:\/\/guide.jtl-software.com\/uploads\/auftragss\u00fcbersicht-warenausgang-symbol-lieferadresse-bearbeiten-jtl-wms.png 640w\" width=\"270\" sizes=\"auto, (max-width: 20em) 30vw, (max-width: 30em) 60vw, (max-width: 40em) 90vw\" height=\"444\" data-pswp=\"{&quot;src&quot;:&quot;https:\\\/\\\/guide.jtl-software.com\\\/uploads\\\/auftragss\\u00fcbersicht-warenausgang-symbol-lieferadresse-bearbeiten-jtl-wms.png&quot;,&quot;w&quot;:270,&quot;h&quot;:444}\" class=\"border img-fluid mb-5\">\n\t\t\t\t\t\t\t<\/a>\n\t\t\t\t\t\t\t\t<\/div>\n\t\t\t[\/vc_column_inner][vc_column_inner width=&#8221;1\/2&#8243; responsive=&#8221;{&#8220;col&#8220;:&#8220;12&#8220;,&#8220;col-md&#8220;:&#8220;6&#8220;}&#8221;]\t\t\t\t\t\t<div data-gallery>\n\t\t\t\t\t\t\t\t\t<a href=\"https:\/\/guide.jtl-software.com\/uploads\/auftragss\u00fcbersicht-warenausgang-lieferadresse-bearbeiten-jtl-wms.png\" itemprop=\"contentUrl\">\n\t\t\t\t\t\t\t<img loading=\"lazy\" decoding=\"async\" src=\"https:\/\/guide.jtl-software.com\/uploads\/auftragss\u00fcbersicht-warenausgang-lieferadresse-bearbeiten-jtl-wms.png\" srcset=\"https:\/\/guide.jtl-software.com\/uploads\/auftragss\u00fcbersicht-warenausgang-lieferadresse-bearbeiten-jtl-wms.png 1600w,https:\/\/guide.jtl-software.com\/uploads\/auftragss\u00fcbersicht-warenausgang-lieferadresse-bearbeiten-jtl-wms-1024x549.png 1024w,https:\/\/guide.jtl-software.com\/uploads\/auftragss\u00fcbersicht-warenausgang-lieferadresse-bearbeiten-jtl-wms-768x412.png 640w\" width=\"2560\" sizes=\"auto, (max-width: 20em) 30vw, (max-width: 30em) 60vw, (max-width: 40em) 90vw\" height=\"1372\" data-pswp=\"{&quot;src&quot;:&quot;https:\\\/\\\/guide.jtl-software.com\\\/uploads\\\/auftragss\\u00fcbersicht-warenausgang-lieferadresse-bearbeiten-jtl-wms.png&quot;,&quot;w&quot;:2560,&quot;h&quot;:1372}\" class=\"border img-fluid mb-5\">\n\t\t\t\t\t\t\t<\/a>\n\t\t\t\t\t\t\t\t<\/div>\n\t\t\t[\/vc_column_inner][\/vc_row_inner]<h3 class=\"d-flex align-items-center hl-wawi\" id=\"print-item-labels\">Print item labels <span id='anchor-print-item-labels' data-href='#print-item-labels' class='far fa-link' data-anchor><\/span><\/h3>\t<p>You can print item labels for the items in the lower pane. To do this, open the menu in the overview of the sales order line items at the bottom left via the arrow symbol and click on the printer symbol.<\/p>\n<div data-gallery itemscope itemtype=\"http:\/\/schema.org\/ImageGallery\" class=\"row align-items-center\">\n\t<\/div>\n[vc_row_inner][vc_column_inner responsive=&#8221;{&#8220;col&#8220;:&#8220;12&#8220;,&#8220;col-md&#8220;:&#8220;6&#8220;}&#8221; width=&#8221;1\/2&#8243;]\t\t\t\t\t\t<div data-gallery>\n\t\t\t\t\t\t\t\t\t<a href=\"https:\/\/guide.jtl-software.com\/uploads\/auftragss\u00fcbersicht-warenausgang-symbol-artikeletikett-drucken-jtl-wms.png\" itemprop=\"contentUrl\">\n\t\t\t\t\t\t\t<img loading=\"lazy\" decoding=\"async\" src=\"https:\/\/guide.jtl-software.com\/uploads\/auftragss\u00fcbersicht-warenausgang-symbol-artikeletikett-drucken-jtl-wms.png\" srcset=\"https:\/\/guide.jtl-software.com\/uploads\/auftragss\u00fcbersicht-warenausgang-symbol-artikeletikett-drucken-jtl-wms.png 1600w,https:\/\/guide.jtl-software.com\/uploads\/auftragss\u00fcbersicht-warenausgang-symbol-artikeletikett-drucken-jtl-wms-1024x219.png 1024w,https:\/\/guide.jtl-software.com\/uploads\/auftragss\u00fcbersicht-warenausgang-symbol-artikeletikett-drucken-jtl-wms-768x164.png 640w\" width=\"2560\" sizes=\"auto, (max-width: 20em) 30vw, (max-width: 30em) 60vw, (max-width: 40em) 90vw\" height=\"548\" data-pswp=\"{&quot;src&quot;:&quot;https:\\\/\\\/guide.jtl-software.com\\\/uploads\\\/auftragss\\u00fcbersicht-warenausgang-symbol-artikeletikett-drucken-jtl-wms.png&quot;,&quot;w&quot;:2560,&quot;h&quot;:548}\" class=\"border img-fluid mb-5\">\n\t\t\t\t\t\t\t<\/a>\n\t\t\t\t\t\t\t\t<\/div>\n\t\t\t[\/vc_column_inner][vc_column_inner width=&#8221;1\/2&#8243; responsive=&#8221;{&#8220;col&#8220;:&#8220;12&#8220;,&#8220;col-md&#8220;:&#8220;6&#8220;}&#8221;]\t\t\t\t\t\t<div data-gallery>\n\t\t\t\t\t\t\t\t\t<a href=\"https:\/\/guide.jtl-software.com\/uploads\/auftragss\u00fcbersicht-warenausgang-dialogfenster-artikeletikett-drucken-jtl-wms.png\" itemprop=\"contentUrl\">\n\t\t\t\t\t\t\t<img loading=\"lazy\" decoding=\"async\" src=\"https:\/\/guide.jtl-software.com\/uploads\/auftragss\u00fcbersicht-warenausgang-dialogfenster-artikeletikett-drucken-jtl-wms.png\" srcset=\"https:\/\/guide.jtl-software.com\/uploads\/auftragss\u00fcbersicht-warenausgang-dialogfenster-artikeletikett-drucken-jtl-wms.png 1600w,https:\/\/guide.jtl-software.com\/uploads\/auftragss\u00fcbersicht-warenausgang-dialogfenster-artikeletikett-drucken-jtl-wms.png 1024w,https:\/\/guide.jtl-software.com\/uploads\/auftragss\u00fcbersicht-warenausgang-dialogfenster-artikeletikett-drucken-jtl-wms.png 640w\" width=\"665\" sizes=\"auto, (max-width: 20em) 30vw, (max-width: 30em) 60vw, (max-width: 40em) 90vw\" height=\"501\" data-pswp=\"{&quot;src&quot;:&quot;https:\\\/\\\/guide.jtl-software.com\\\/uploads\\\/auftragss\\u00fcbersicht-warenausgang-dialogfenster-artikeletikett-drucken-jtl-wms.png&quot;,&quot;w&quot;:665,&quot;h&quot;:501}\" class=\"border img-fluid mb-5\">\n\t\t\t\t\t\t\t<\/a>\n\t\t\t\t\t\t\t\t<\/div>\n\t\t\t[\/vc_column_inner][\/vc_row_inner][\/vc_column][\/vc_row]<\/div>","protected":false},"excerpt":{"rendered":"[vc_row][vc_column width=&#8221;1\/3&#8243; responsive=&#8221;{&#8220;col&#8220;: &#8220;12&#8220;, &#8220;order-md&#8220;: &#8220;1&#8220;, &#8220;col-lg&#8220;: &#8220;4&#8220;, &#8220;order-lg&#8220;: &#8220;12&#8220;}&#8221; advanced=&#8221;{&#8220;class&#8220;: &#8220;&#8220;, &#8220;hash&#8220;: &#8220;&#8220;}&#8221;][\/vc_column][vc_column responsive=&#8221;{&#8220;col&#8220;: &#8220;12&#8220;, &#8220;col-md&#8220;: &#8220;8&#8220;, &#8220;order-md&#8220;: &#8220;12&#8220;, <a href=\"https:\/\/guide.jtl-software.com\/en\/jtl-wms\/goods-issue\/dialogue-box-sales-order-overview\/\">[&#8230;]<\/a>","protected":false},"author":2,"featured_media":0,"parent":189055,"menu_order":746,"comment_status":"closed","ping_status":"closed","template":"","meta":{"_acf_changed":false,"_relevanssi_hide_post":"","_relevanssi_hide_content":"","_relevanssi_pin_for_all":"","_relevanssi_pin_keywords":"","_relevanssi_unpin_keywords":"","_relevanssi_related_keywords":"","_relevanssi_related_include_ids":"","_relevanssi_related_exclude_ids":"","_relevanssi_related_no_append":"","_relevanssi_related_not_related":"","_relevanssi_related_posts":"","_relevanssi_noindex_reason":"","footnotes":""},"tags":[],"class_list":["post-189097","page","type-page","status-publish","hentry"],"acf":[],"yoast_head":"<!-- This site is optimized with the Yoast SEO plugin v26.8 - https:\/\/yoast.com\/product\/yoast-seo-wordpress\/ -->\n<title>Dialogue box: Sales order overview &#8211; JTL-Guide<\/title>\n<meta name=\"robots\" content=\"index, follow, max-snippet:-1, max-image-preview:large, max-video-preview:-1\" \/>\n<link rel=\"canonical\" href=\"https:\/\/guide.jtl-software.com\/en\/jtl-wms\/goods-issue\/dialogue-box-sales-order-overview\/\" \/>\n<meta property=\"og:locale\" content=\"en_US\" \/>\n<meta property=\"og:type\" content=\"article\" \/>\n<meta property=\"og:title\" content=\"Dialogue box: Sales order overview &#8211; JTL-Guide\" \/>\n<meta property=\"og:description\" content=\"[vc_row][vc_column width=&#8221;1\/3&#8243; responsive=&#8221;{&#8220;col&#8220;: &#8220;12&#8220;, &#8220;order-md&#8220;: &#8220;1&#8220;, &#8220;col-lg&#8220;: &#8220;4&#8220;, &#8220;order-lg&#8220;: &#8220;12&#8220;}&#8221; advanced=&#8221;{&#8220;class&#8220;: &#8220;&#8220;, &#8220;hash&#8220;: &#8220;&#8220;}&#8221;][\/vc_column][vc_column responsive=&#8221;{&#8220;col&#8220;: &#8220;12&#8220;, &#8220;col-md&#8220;: &#8220;8&#8220;, &#8220;order-md&#8220;: &#8220;12&#8220;, [...]\" \/>\n<meta property=\"og:url\" content=\"https:\/\/guide.jtl-software.com\/en\/jtl-wms\/goods-issue\/dialogue-box-sales-order-overview\/\" \/>\n<meta property=\"og:site_name\" content=\"JTL-Guide\" \/>\n<meta property=\"article:modified_time\" content=\"2023-06-14T12:43:09+00:00\" \/>\n<meta name=\"twitter:card\" content=\"summary_large_image\" \/>\n<meta name=\"twitter:label1\" content=\"Est. reading time\" \/>\n\t<meta name=\"twitter:data1\" content=\"6 minutes\" \/>\n<script type=\"application\/ld+json\" class=\"yoast-schema-graph\">{\"@context\":\"https:\/\/schema.org\",\"@graph\":[{\"@type\":\"WebPage\",\"@id\":\"https:\/\/guide.jtl-software.com\/en\/jtl-wms\/goods-issue\/dialogue-box-sales-order-overview\/\",\"url\":\"https:\/\/guide.jtl-software.com\/en\/jtl-wms\/goods-issue\/dialogue-box-sales-order-overview\/\",\"name\":\"Dialogue box: Sales order overview &#8211; JTL-Guide\",\"isPartOf\":{\"@id\":\"https:\/\/guide.jtl-software.com\/en\/#website\"},\"datePublished\":\"2020-02-28T09:24:25+00:00\",\"dateModified\":\"2023-06-14T12:43:09+00:00\",\"breadcrumb\":{\"@id\":\"https:\/\/guide.jtl-software.com\/en\/jtl-wms\/goods-issue\/dialogue-box-sales-order-overview\/#breadcrumb\"},\"inLanguage\":\"en-en\",\"potentialAction\":[{\"@type\":\"ReadAction\",\"target\":[\"https:\/\/guide.jtl-software.com\/en\/jtl-wms\/goods-issue\/dialogue-box-sales-order-overview\/\"]}]},{\"@type\":\"BreadcrumbList\",\"@id\":\"https:\/\/guide.jtl-software.com\/en\/jtl-wms\/goods-issue\/dialogue-box-sales-order-overview\/#breadcrumb\",\"itemListElement\":[{\"@type\":\"ListItem\",\"position\":1,\"name\":\"JTL-WMS\",\"item\":\"https:\/\/guide.jtl-software.com\/en\/jtl-wms\/\"},{\"@type\":\"ListItem\",\"position\":2,\"name\":\"Goods issue\",\"item\":\"https:\/\/guide.jtl-software.com\/en\/jtl-wms\/goods-issue\/\"},{\"@type\":\"ListItem\",\"position\":3,\"name\":\"Dialogue box: Sales order overview\"}]},{\"@type\":\"WebSite\",\"@id\":\"https:\/\/guide.jtl-software.com\/en\/#website\",\"url\":\"https:\/\/guide.jtl-software.com\/en\/\",\"name\":\"JTL-Guide\",\"description\":\"Dokumentation f\u00fcr die gesamte Produktfamilie von JTL\",\"potentialAction\":[{\"@type\":\"SearchAction\",\"target\":{\"@type\":\"EntryPoint\",\"urlTemplate\":\"https:\/\/guide.jtl-software.com\/en\/?s={search_term_string}\"},\"query-input\":{\"@type\":\"PropertyValueSpecification\",\"valueRequired\":true,\"valueName\":\"search_term_string\"}}],\"inLanguage\":\"en-en\"}]}<\/script>\n<!-- \/ Yoast SEO plugin. -->","yoast_head_json":{"title":"Dialogue box: Sales order overview &#8211; JTL-Guide","robots":{"index":"index","follow":"follow","max-snippet":"max-snippet:-1","max-image-preview":"max-image-preview:large","max-video-preview":"max-video-preview:-1"},"canonical":"https:\/\/guide.jtl-software.com\/en\/jtl-wms\/goods-issue\/dialogue-box-sales-order-overview\/","og_locale":"en_US","og_type":"article","og_title":"Dialogue box: Sales order overview &#8211; JTL-Guide","og_description":"[vc_row][vc_column width=&#8221;1\/3&#8243; responsive=&#8221;{&#8220;col&#8220;: &#8220;12&#8220;, &#8220;order-md&#8220;: &#8220;1&#8220;, &#8220;col-lg&#8220;: &#8220;4&#8220;, &#8220;order-lg&#8220;: &#8220;12&#8220;}&#8221; advanced=&#8221;{&#8220;class&#8220;: &#8220;&#8220;, &#8220;hash&#8220;: &#8220;&#8220;}&#8221;][\/vc_column][vc_column responsive=&#8221;{&#8220;col&#8220;: &#8220;12&#8220;, &#8220;col-md&#8220;: &#8220;8&#8220;, &#8220;order-md&#8220;: &#8220;12&#8220;, [...]","og_url":"https:\/\/guide.jtl-software.com\/en\/jtl-wms\/goods-issue\/dialogue-box-sales-order-overview\/","og_site_name":"JTL-Guide","article_modified_time":"2023-06-14T12:43:09+00:00","twitter_card":"summary_large_image","twitter_misc":{"Est. reading time":"6 minutes"},"schema":{"@context":"https:\/\/schema.org","@graph":[{"@type":"WebPage","@id":"https:\/\/guide.jtl-software.com\/en\/jtl-wms\/goods-issue\/dialogue-box-sales-order-overview\/","url":"https:\/\/guide.jtl-software.com\/en\/jtl-wms\/goods-issue\/dialogue-box-sales-order-overview\/","name":"Dialogue box: Sales order overview &#8211; JTL-Guide","isPartOf":{"@id":"https:\/\/guide.jtl-software.com\/en\/#website"},"datePublished":"2020-02-28T09:24:25+00:00","dateModified":"2023-06-14T12:43:09+00:00","breadcrumb":{"@id":"https:\/\/guide.jtl-software.com\/en\/jtl-wms\/goods-issue\/dialogue-box-sales-order-overview\/#breadcrumb"},"inLanguage":"en-en","potentialAction":[{"@type":"ReadAction","target":["https:\/\/guide.jtl-software.com\/en\/jtl-wms\/goods-issue\/dialogue-box-sales-order-overview\/"]}]},{"@type":"BreadcrumbList","@id":"https:\/\/guide.jtl-software.com\/en\/jtl-wms\/goods-issue\/dialogue-box-sales-order-overview\/#breadcrumb","itemListElement":[{"@type":"ListItem","position":1,"name":"JTL-WMS","item":"https:\/\/guide.jtl-software.com\/en\/jtl-wms\/"},{"@type":"ListItem","position":2,"name":"Goods issue","item":"https:\/\/guide.jtl-software.com\/en\/jtl-wms\/goods-issue\/"},{"@type":"ListItem","position":3,"name":"Dialogue box: Sales order overview"}]},{"@type":"WebSite","@id":"https:\/\/guide.jtl-software.com\/en\/#website","url":"https:\/\/guide.jtl-software.com\/en\/","name":"JTL-Guide","description":"Dokumentation f\u00fcr die gesamte Produktfamilie von JTL","potentialAction":[{"@type":"SearchAction","target":{"@type":"EntryPoint","urlTemplate":"https:\/\/guide.jtl-software.com\/en\/?s={search_term_string}"},"query-input":{"@type":"PropertyValueSpecification","valueRequired":true,"valueName":"search_term_string"}}],"inLanguage":"en-en"}]}},"_links":{"self":[{"href":"https:\/\/guide.jtl-software.com\/en\/wp-json\/wp\/v2\/pages\/189097","targetHints":{"allow":["GET"]}}],"collection":[{"href":"https:\/\/guide.jtl-software.com\/en\/wp-json\/wp\/v2\/pages"}],"about":[{"href":"https:\/\/guide.jtl-software.com\/en\/wp-json\/wp\/v2\/types\/page"}],"author":[{"embeddable":true,"href":"https:\/\/guide.jtl-software.com\/en\/wp-json\/wp\/v2\/users\/2"}],"replies":[{"embeddable":true,"href":"https:\/\/guide.jtl-software.com\/en\/wp-json\/wp\/v2\/comments?post=189097"}],"version-history":[{"count":3,"href":"https:\/\/guide.jtl-software.com\/en\/wp-json\/wp\/v2\/pages\/189097\/revisions"}],"predecessor-version":[{"id":189166,"href":"https:\/\/guide.jtl-software.com\/en\/wp-json\/wp\/v2\/pages\/189097\/revisions\/189166"}],"up":[{"embeddable":true,"href":"https:\/\/guide.jtl-software.com\/en\/wp-json\/wp\/v2\/pages\/189055"}],"wp:attachment":[{"href":"https:\/\/guide.jtl-software.com\/en\/wp-json\/wp\/v2\/media?parent=189097"}],"wp:term":[{"taxonomy":"post_tag","embeddable":true,"href":"https:\/\/guide.jtl-software.com\/en\/wp-json\/wp\/v2\/tags?post=189097"}],"curies":[{"name":"wp","href":"https:\/\/api.w.org\/{rel}","templated":true}]}}