{"id":191794,"date":"2019-04-11T16:36:09","date_gmt":"2019-04-11T14:36:09","guid":{"rendered":"https:\/\/guide.jtl-software.com\/assigning-items-to-a-category\/"},"modified":"2023-06-16T09:46:42","modified_gmt":"2023-06-16T07:46:42","slug":"assigning-items-to-a-category","status":"publish","type":"page","link":"https:\/\/guide.jtl-software.com\/en\/jtl-wawi\/items\/assigning-items-to-a-category\/","title":{"rendered":"Assigning items to a category"},"content":{"rendered":"<div class=\"wpb-content-wrapper\">[vc_row][vc_column width=&#8221;1\/3&#8243; responsive=&#8221;{&#8220;col&#8220;: &#8220;12&#8220;, &#8220;order-md&#8220;: &#8220;1&#8220;, &#8220;col-lg&#8220;: &#8220;4&#8220;, &#8220;order-lg&#8220;: &#8220;12&#8220;}&#8221; advanced=&#8221;{&#8220;class&#8220;: &#8220;&#8220;, &#8220;hash&#8220;: &#8220;&#8220;}&#8221;]<div id=\"toc\">\n\t<div class=\"card border-0 bg-rysywhite mt-0 mt-lg-5 mb-5 w-100\" data-toc-element>\n\t\t<div class=\"d-none d-lg-flex flex-column\">\n\t\t\t<span class=\"fa-layers mx-auto mt--4 fa-fw fa-3x text-shaftblue\">\n\t\t\t\t<span class=\"fas fa-circle\"><\/span>\n\t\t\t\t<span class=\"fas fa-inverse fa-list-ul\" data-fa-transform=\"shrink-8\"><\/span>\n\t\t\t<\/span>\n\t\t\t<span class=\"font-weight-bold text-shaftblue text-center h5 mt-3 mb-0\">Contents<\/span>\n\t\t<\/div>\n\t\t<div class=\"d-block d-lg-none\">\n\t\t\t<a class=\"text-decoration-none card-header-link collapsed\" data-toggle=\"collapse\" href=\"#collapse-toc\" aria-expanded=\"false\" aria-controls=\"collapse-toc\">\n\t\t\t\t<div class=\"card-header d-flex bg-white align-items-center\" role=\"tab\" id=\"heading-toc\">\n\t\t\t\t\t<span class=\"h4 mb-0 d-flex align-items-center\">\n\t\t\t\t\t\t<span class=\"fa-layers fa-fw fa-2x mr-2 text-shaftblue\">\n\t\t\t\t\t\t\t<span class=\"fas fa-circle\"><\/span>\n\t\t\t\t\t\t\t<span class=\"fas fa-inverse fa-list-ul\" data-fa-transform=\"shrink-8\"><\/span>\n\t\t\t\t\t\t<\/span>\n\t\t\t\t\t\t<span>Contents<\/span>\n\t\t\t\t\t<\/span>\n\t\t\t\t\t<span class=\"flex-shrink-0 ml-auto fas fa-caret-down text-gray\"><\/span>\n\t\t\t\t<\/div>\n\t\t\t<\/a>\n\t\t<\/div>\n\t\t<div id=\"collapse-toc\" class=\"collapse show\" data-parent=\"#toc\" role=\"tabpanel\" aria-labelledby=\"heading-toc\">\n\t\t\t<div class=\"card-body p-4 table-of-content\">\n\t\t\t\t<ul data-toc-headings=\"h2,h3\" data-toc class=\"list-wawi\"><\/ul>\n\t\t\t<\/div>\n\t    <\/div>\n\t<\/div>\n<\/div>[\/vc_column][vc_column responsive=&#8221;{&#8220;col&#8220;: &#8220;12&#8220;, &#8220;col-md&#8220;: &#8220;8&#8220;, &#8220;order-md&#8220;: &#8220;12&#8220;, &#8220;order-lg&#8220;: &#8220;1&#8220;}&#8221; width=&#8221;2\/3&#8243; advanced=&#8221;{&#8220;class&#8220;: &#8220;&#8220;, &#8220;hash&#8220;: &#8220;&#8220;}&#8221;]<h1 class=\"d-flex align-items-center\" id=\"assigning-items-to-a-category\">Assigning items to a category <span id='anchor-assigning-items-to-a-category' data-href='#assigning-items-to-a-category' class='far fa-link' data-anchor><\/span><\/h1><div class=\"custom-box\">\n\t<div class=\"d-flex align-items-center mb-4\">\n\t\t\t\t\t\t\t<span class=\"mr-3 fa-stack flex-shrink-0 fa-1x\">\n\t\t\t<span class=\"fas fa-circle fa-stack-2x text-shaftblue\"><\/span>\n\t\t\t\t\t<span class=\"flex-shrink-0 fas fa-clipboard-list text-white fa-stack-1x\"><\/span>\n\t\t\t\t\t<\/span>\n\t\t\t\t\n\t\t\n\t\t<h3 class=\"mb-0 \" id=\"your-task-initial-situation\">Your task\/initial situation <span id='anchor-your-task-initial-situation' data-href='#your-task-initial-situation' class='far fa-link' data-anchor><\/span><\/h3>\t<\/div>\n\t<div class=\"box-content\">\n\t\tSie f\u00fchren einen Artikel, den Sie in mehreren Kategorien anbieten m\u00f6chten. Sie m\u00f6chten beispielsweise einen reduzierten Artikel sowohl in seiner urspr\u00fcnglichen Kategorie anbieten als auch in der Kategorie &#8220;Sale&#8221;, in der sich besonders g\u00fcnstige Artikel befinden.\t<\/div>\n<\/div>\n<h5 class=\"d-flex align-items-center hl-wawi h6\" id=\"requirements-restrictions\">Requirements\/Restrictions <span id='anchor-requirements-restrictions' data-href='#requirements-restrictions' class='far fa-link' data-anchor><\/span><\/h5><ul class=\"list-reset ml-3 list-icons list-wawi\">\n\t<li >\n\t\t\t<span class=\"list-icon fas fa-check\"><\/span>\t\tYou have created a category structure with multiple categories.\t<\/li><li >\n\t\t\t<span class=\"list-icon fas fa-check\"><\/span>\t\tThere are multiple items in each category.\t<\/li><\/ul><h2 class=\"d-flex align-items-center\" id=\"assigning-items-to-categories-in-the-item-master-data\">Assigning items to categories in the item master data <span id='anchor-assigning-items-to-categories-in-the-item-master-data' data-href='#assigning-items-to-categories-in-the-item-master-data' class='far fa-link' data-anchor><\/span><\/h2>\t<p>You can assign items to categories in the item master data in the right-hand pane <span class=\"highlight\">Categorisation<\/span>.<\/p>\n<ol start=\"1\" class=\"list-reset step mb-5 list-wawi normal-step\">\n\t<li >\n\tOpen the item master data of the item you want to assign to a category. You are now in the tab <span class=\"highlight\">General<\/span>.<\/li><li >\n\tIn the pane <span class=\"highlight\">Categorisation<\/span>, select the button <span class=\"highlight\">Assign<\/span>. The dialogue box&nbsp;<span class=\"highlight\">Assigning categories<\/span> opens.<\/li><\/ol>\t\t\t\t\t\t<div data-gallery>\n\t\t\t\t\t\t\t\t\t<a href=\"https:\/\/guide.jtl-software.com\/uploads\/Kategorisierung-Zuweisen-Ergebnis-jtl-wawi-1.png\" itemprop=\"contentUrl\">\n\t\t\t\t\t\t\t<img loading=\"lazy\" decoding=\"async\" src=\"https:\/\/guide.jtl-software.com\/uploads\/Kategorisierung-Zuweisen-Ergebnis-jtl-wawi-1.png\" srcset=\"https:\/\/guide.jtl-software.com\/uploads\/Kategorisierung-Zuweisen-Ergebnis-jtl-wawi-1.png 1600w,https:\/\/guide.jtl-software.com\/uploads\/Kategorisierung-Zuweisen-Ergebnis-jtl-wawi-1-1024x718.png 1024w,https:\/\/guide.jtl-software.com\/uploads\/Kategorisierung-Zuweisen-Ergebnis-jtl-wawi-1-768x539.png 640w\" width=\"1343\" sizes=\"auto, (max-width: 20em) 30vw, (max-width: 30em) 60vw, (max-width: 40em) 90vw\" height=\"942\" data-pswp=\"{&quot;src&quot;:&quot;https:\\\/\\\/guide.jtl-software.com\\\/uploads\\\/Kategorisierung-Zuweisen-Ergebnis-jtl-wawi-1.png&quot;,&quot;w&quot;:1343,&quot;h&quot;:942}\" class=\"border-defaultgray border-w-1 border img-fluid mb-5\">\n\t\t\t\t\t\t\t<\/a>\n\t\t\t\t\t\t\t\t<\/div>\n\t\t\t<ol start=\"3\" class=\"list-reset step mb-5 list-wawi normal-step\">\n\t<li >\n\tIn the left-hand category structure, select the category in which you want your item to appear and click on the <span class=\"highlight\">arrow&nbsp;<\/span><span class=\"highlight\">facing right<\/span>.<\/li><\/ol>\t\t\t\t\t\t<div data-gallery>\n\t\t\t\t\t\t\t\t\t<a href=\"https:\/\/guide.jtl-software.com\/uploads\/Kategorien-zuweisen-jtl-wawi.png\" itemprop=\"contentUrl\">\n\t\t\t\t\t\t\t<img loading=\"lazy\" decoding=\"async\" src=\"https:\/\/guide.jtl-software.com\/uploads\/Kategorien-zuweisen-jtl-wawi.png\" srcset=\"https:\/\/guide.jtl-software.com\/uploads\/Kategorien-zuweisen-jtl-wawi.png 1600w,https:\/\/guide.jtl-software.com\/uploads\/Kategorien-zuweisen-jtl-wawi-1024x771.png 1024w,https:\/\/guide.jtl-software.com\/uploads\/Kategorien-zuweisen-jtl-wawi-768x578.png 640w\" width=\"1264\" sizes=\"auto, (max-width: 20em) 30vw, (max-width: 30em) 60vw, (max-width: 40em) 90vw\" height=\"952\" data-pswp=\"{&quot;src&quot;:&quot;https:\\\/\\\/guide.jtl-software.com\\\/uploads\\\/Kategorien-zuweisen-jtl-wawi.png&quot;,&quot;w&quot;:1264,&quot;h&quot;:952}\" class=\"border-defaultgray border-w-1 border img-fluid mb-5\">\n\t\t\t\t\t\t\t<\/a>\n\t\t\t\t\t\t\t\t<\/div>\n\t\t\t<div class=\"media-object media-object-border d-flex align-items-top\">\n\t\n\t\t\n\t\t<span class=\"mt-1 mr-3 flex-shrink-0 far fa-info-circle fa-2x columnsize-fa-2x text-wawi\"><\/span>\n\t\t\t<span class=\"media-content border-wawi\">\n\t\n\t\t\t<span style=\"color: #f68b25;\"><b>Hinweis:<\/b>\u00a0<\/span>Auf diese Weise k\u00f6nnen Sie einem Artikel auch weitere Kategorien zuweisen.\t\t\t<\/span>\n\t\n\t<\/div>\n\n\n<ol start=\"4\" class=\"mb-5 list-reset step mb-5 list-wawi normal-step\">\n\t<li >\n\tClose the dialogue box by clicking&nbsp;<span class=\"highlight\">Save<\/span>. The new category will be displayed in the pane <span class=\"highlight\">Categorisation<\/span> in the item master data.<\/li><\/ol><div class=\"mb-5 btn-helper m--1\">\n\t<a href=\"https:\/\/guide.jtl-software.com\/en\/jtl-wawi\/items\/item-master-data-general\/#b-kategorisierung\" title=\"Go to item master data, pane \u201cCategory\u201d\" class=\"btn-wawi btn m-1\">\n\t\tGo to item master data, pane \u201cCategory\u201d<\/a><\/div><h2 class=\"d-flex align-items-center hl-wawi\" id=\"assigning-items-to-a-category-2\">Assigning items to a category <span id='anchor-assigning-items-to-a-category-2' data-href='#assigning-items-to-a-category-2' class='far fa-link' data-anchor><\/span><\/h2>\t<p>JTL-Wawi allows you to assign one or more items that are already assigned to existing categories to a new category.<\/p>\n<ol start=\"1\" class=\"list-reset step mb-5 list-wawi normal-step\">\n\t<li >\n\tSelect the items that you want to assign to a new category and right-click on the items. In the context menu, select the option <span class=\"highlight\">Copy item\/master data<\/span>.<\/li><\/ol>\t\t\t\t\t\t<div data-gallery>\n\t\t\t\t\t\t\t\t\t<a href=\"https:\/\/guide.jtl-software.com\/uploads\/Artikel-in-Kategorie-kopieren-jtl-wawi.png\" itemprop=\"contentUrl\">\n\t\t\t\t\t\t\t<img loading=\"lazy\" decoding=\"async\" src=\"https:\/\/guide.jtl-software.com\/uploads\/Artikel-in-Kategorie-kopieren-jtl-wawi.png\" srcset=\"https:\/\/guide.jtl-software.com\/uploads\/Artikel-in-Kategorie-kopieren-jtl-wawi.png 1600w,https:\/\/guide.jtl-software.com\/uploads\/Artikel-in-Kategorie-kopieren-jtl-wawi-1024x547.png 1024w,https:\/\/guide.jtl-software.com\/uploads\/Artikel-in-Kategorie-kopieren-jtl-wawi-768x410.png 640w\" width=\"2548\" sizes=\"auto, (max-width: 20em) 30vw, (max-width: 30em) 60vw, (max-width: 40em) 90vw\" height=\"1360\" data-pswp=\"{&quot;src&quot;:&quot;https:\\\/\\\/guide.jtl-software.com\\\/uploads\\\/Artikel-in-Kategorie-kopieren-jtl-wawi.png&quot;,&quot;w&quot;:2548,&quot;h&quot;:1360}\" class=\"border-defaultgray border-w-1 border img-fluid mb-5\">\n\t\t\t\t\t\t\t<\/a>\n\t\t\t\t\t\t\t\t<\/div>\n\t\t\t<ol start=\"2\" class=\"mb-5 list-reset step mb-5 list-wawi normal-step\">\n\t<li >\n\tIn the category structure, right-click on the category to which you want to assign the items. In the opening context menu, select <span class=\"highlight\">Move item here<\/span>.<\/li><\/ol>\t<p><strong>Move item here<\/strong>: This option deletes all formerly assigned categories. The item is now only assigned to the selected category.<\/p>\n\t\t\t\t\t\t<div data-gallery>\n\t\t\t\t\t\t\t\t\t<a href=\"https:\/\/guide.jtl-software.com\/uploads\/Artikel-Kategorie-hinzufuegen-verschieben.png\" itemprop=\"contentUrl\">\n\t\t\t\t\t\t\t<img loading=\"lazy\" decoding=\"async\" src=\"https:\/\/guide.jtl-software.com\/uploads\/Artikel-Kategorie-hinzufuegen-verschieben.png\" srcset=\"https:\/\/guide.jtl-software.com\/uploads\/Artikel-Kategorie-hinzufuegen-verschieben.png 1600w,https:\/\/guide.jtl-software.com\/uploads\/Artikel-Kategorie-hinzufuegen-verschieben.png 1024w,https:\/\/guide.jtl-software.com\/uploads\/Artikel-Kategorie-hinzufuegen-verschieben-733x768.png 640w\" width=\"750\" sizes=\"auto, (max-width: 20em) 30vw, (max-width: 30em) 60vw, (max-width: 40em) 90vw\" height=\"786\" data-pswp=\"{&quot;src&quot;:&quot;https:\\\/\\\/guide.jtl-software.com\\\/uploads\\\/Artikel-Kategorie-hinzufuegen-verschieben.png&quot;,&quot;w&quot;:750,&quot;h&quot;:786}\" class=\"border-defaultgray border-w-1 border img-fluid mb-5\">\n\t\t\t\t\t\t\t<\/a>\n\t\t\t\t\t\t\t\t<\/div>\n\t\t\t<h2 class=\"d-flex align-items-center hl-wawi\" id=\"assigning-items-to-multiple-categories\">Assigning items to multiple categories <span id='anchor-assigning-items-to-multiple-categories' data-href='#assigning-items-to-multiple-categories' class='far fa-link' data-anchor><\/span><\/h2>\t<p>JTL-Wawi allows you to assign additional categories to one or more items that are already assigned to existing categories. Your item will then appear in multiple categories.<\/p>\n<ol start=\"1\" class=\"list-reset step mb-5 list-wawi normal-step\">\n\t<li >\n\tSelect the items that you want to assign to new categories and right-click on the items. In the context menu, select the option <span class=\"highlight\">Copy item\/master data<\/span>.<\/li><\/ol>\t\t\t\t\t\t<div data-gallery>\n\t\t\t\t\t\t\t\t\t<a href=\"https:\/\/guide.jtl-software.com\/uploads\/Artikel-in-Kategorie-kopieren-jtl-wawi.png\" itemprop=\"contentUrl\">\n\t\t\t\t\t\t\t<img loading=\"lazy\" decoding=\"async\" src=\"https:\/\/guide.jtl-software.com\/uploads\/Artikel-in-Kategorie-kopieren-jtl-wawi.png\" srcset=\"https:\/\/guide.jtl-software.com\/uploads\/Artikel-in-Kategorie-kopieren-jtl-wawi.png 1600w,https:\/\/guide.jtl-software.com\/uploads\/Artikel-in-Kategorie-kopieren-jtl-wawi-1024x547.png 1024w,https:\/\/guide.jtl-software.com\/uploads\/Artikel-in-Kategorie-kopieren-jtl-wawi-768x410.png 640w\" width=\"2548\" sizes=\"auto, (max-width: 20em) 30vw, (max-width: 30em) 60vw, (max-width: 40em) 90vw\" height=\"1360\" data-pswp=\"{&quot;src&quot;:&quot;https:\\\/\\\/guide.jtl-software.com\\\/uploads\\\/Artikel-in-Kategorie-kopieren-jtl-wawi.png&quot;,&quot;w&quot;:2548,&quot;h&quot;:1360}\" class=\"border-defaultgray border-w-1 border img-fluid mb-5\">\n\t\t\t\t\t\t\t<\/a>\n\t\t\t\t\t\t\t\t<\/div>\n\t\t\t<ol start=\"2\" class=\"mb-5 list-reset step mb-5 list-wawi normal-step\">\n\t<li >\n\tIn the category structure, right-click on the category to which you want to assign the items. In the opening context menu, select <span class=\"highlight\">Add item also to this category<\/span>.<\/li><\/ol>\t<p><strong>Add item also to this category<\/strong>: assigns the item to the selected category. Your item will then be displayed in multiple, different categories.<\/p>\n\t\t\t\t\t\t<div data-gallery>\n\t\t\t\t\t\t\t\t\t<a href=\"https:\/\/guide.jtl-software.com\/uploads\/Artikel-Kategorie-hinzufuegen-verschieben.png\" itemprop=\"contentUrl\">\n\t\t\t\t\t\t\t<img loading=\"lazy\" decoding=\"async\" src=\"https:\/\/guide.jtl-software.com\/uploads\/Artikel-Kategorie-hinzufuegen-verschieben.png\" srcset=\"https:\/\/guide.jtl-software.com\/uploads\/Artikel-Kategorie-hinzufuegen-verschieben.png 1600w,https:\/\/guide.jtl-software.com\/uploads\/Artikel-Kategorie-hinzufuegen-verschieben.png 1024w,https:\/\/guide.jtl-software.com\/uploads\/Artikel-Kategorie-hinzufuegen-verschieben-733x768.png 640w\" width=\"750\" sizes=\"auto, (max-width: 20em) 30vw, (max-width: 30em) 60vw, (max-width: 40em) 90vw\" height=\"786\" data-pswp=\"{&quot;src&quot;:&quot;https:\\\/\\\/guide.jtl-software.com\\\/uploads\\\/Artikel-Kategorie-hinzufuegen-verschieben.png&quot;,&quot;w&quot;:750,&quot;h&quot;:786}\" class=\"border-defaultgray border-w-1 border img-fluid mb-5\">\n\t\t\t\t\t\t\t<\/a>\n\t\t\t\t\t\t\t\t<\/div>\n\t\t\t<div class=\"media-object media-object-border d-flex align-items-top\">\n\t\n\t\t\n\t\t<span class=\"mt-1 mr-3 flex-shrink-0 far fa-info-circle fa-2x columnsize-fa-2x text-wawi\"><\/span>\n\t\t\t<span class=\"media-content border-wawi\">\n\t\n\t\t\t<strong><span style=\"color: #f68b25;\">Hinweis:<\/span><\/strong> Bitte beachten Sie, dass dieser Artikel nicht automatisch auch in mehreren Kategorien in JTL-POS gef\u00fchrt wird, da Artikel in der Version ERP-Connected nur in einer Kategorie gelistet sein k\u00f6nnen. Eine Mehrfach-Zuweisung von Kategorien ist nicht m\u00f6glich. Lesen Sie mehr zum Thema <span style=\"color: #336699;\"><a style=\"color: #336699;\" href=\"https:\/\/guide.jtl-software.com\/en\/jtl-pos\/range-of-products\/activating-and-deactivating-categories-and-items-in-jtl-pos\/\">hier<\/a><\/span>.\t\t\t<\/span>\n\t\n\t<\/div>\n\n\n<div class=\"mt-5 card\">\n\t\t\t<span class=\"fa-layers mx-auto mt--4 fa-fw fa-3x text-wawi\">\n\t\t\t<span class=\"fas fa-circle\"><\/span>\n\t\t\t<span data-fa-transform=\"shrink-8\" class=\"fas fa-link fa-inverse\"><\/span>\n\t\t<\/span>\n\t\t\t<div class=\"card-body p-4\">\n\t\t<p class=\"d-flex align-items-center hl-wawi h4\">Related topics<\/p>\n<ul class=\"list-reset list-icons list-custom-square list-wawi\">\n\t\t\t\t\t\t<li>\n\t\t\t\t<a href=\"https:\/\/guide.jtl-software.com\/en\/jtl-wawi\/items\/creating-categories\/\" title=\"Creating categories\">\n\t\t\t\t\t<span class=\"list-icon fas fa-square\"><\/span>\t\t\t\t\tCreating categories\t\t\t\t<\/a>\n\t\t\t<\/li>\n\t\t\t\t\t<li>\n\t\t\t\t<a href=\"https:\/\/guide.jtl-software.com\/en\/jtl-wawi\/items\/category-master-data-general\/\" title=\"Category master data: General\">\n\t\t\t\t\t<span class=\"list-icon fas fa-square\"><\/span>\t\t\t\t\tCategory master data: General\t\t\t\t<\/a>\n\t\t\t<\/li>\n\t\t\t\t\t<li>\n\t\t\t\t<a href=\"https:\/\/guide.jtl-software.com\/en\/jtl-wawi\/items\/category-master-data-descriptions\/\" title=\"Category master data: Descriptions\">\n\t\t\t\t\t<span class=\"list-icon fas fa-square\"><\/span>\t\t\t\t\tCategory master data: Descriptions\t\t\t\t<\/a>\n\t\t\t<\/li>\n\t\t\t\t\t<li>\n\t\t\t\t<a href=\"https:\/\/guide.jtl-software.com\/en\/jtl-wawi\/items\/category-master-data-attributes\/\" title=\"Category master data: Attributes\">\n\t\t\t\t\t<span class=\"list-icon fas fa-square\"><\/span>\t\t\t\t\tCategory master data: Attributes\t\t\t\t<\/a>\n\t\t\t<\/li>\n\t\t\t\t\t<li>\n\t\t\t\t<a href=\"https:\/\/guide.jtl-software.com\/en\/jtl-wawi\/items\/category-master-data-category-images\/\" title=\"Category master data: Category images\">\n\t\t\t\t\t<span class=\"list-icon fas fa-square\"><\/span>\t\t\t\t\tCategory master data: Category images\t\t\t\t<\/a>\n\t\t\t<\/li>\n\t\t\t\t<\/ul>\t<\/div>\n<\/div>[\/vc_column][\/vc_row]<\/div>","protected":false},"excerpt":{"rendered":"[vc_row][vc_column width=&#8221;1\/3&#8243; responsive=&#8221;{&#8220;col&#8220;: &#8220;12&#8220;, &#8220;order-md&#8220;: &#8220;1&#8220;, &#8220;col-lg&#8220;: &#8220;4&#8220;, &#8220;order-lg&#8220;: &#8220;12&#8220;}&#8221; advanced=&#8221;{&#8220;class&#8220;: &#8220;&#8220;, &#8220;hash&#8220;: &#8220;&#8220;}&#8221;][\/vc_column][vc_column responsive=&#8221;{&#8220;col&#8220;: &#8220;12&#8220;, &#8220;col-md&#8220;: &#8220;8&#8220;, &#8220;order-md&#8220;: &#8220;12&#8220;, <a href=\"https:\/\/guide.jtl-software.com\/en\/jtl-wawi\/items\/category-master-data-category-images\/\">[&#8230;]<\/a>","protected":false},"author":2,"featured_media":0,"parent":191800,"menu_order":666,"comment_status":"closed","ping_status":"closed","template":"","meta":{"_acf_changed":false,"_relevanssi_hide_post":"","_relevanssi_hide_content":"","_relevanssi_pin_for_all":"","_relevanssi_pin_keywords":"","_relevanssi_unpin_keywords":"","_relevanssi_related_keywords":"","_relevanssi_related_include_ids":"","_relevanssi_related_exclude_ids":"","_relevanssi_related_no_append":"","_relevanssi_related_not_related":"","_relevanssi_related_posts":"","_relevanssi_noindex_reason":"","footnotes":""},"tags":[],"class_list":["post-191794","page","type-page","status-publish","hentry","pages_category-kategorien-jtl-wawi-en"],"acf":[],"yoast_head":"<!-- This site is optimized with the Yoast SEO plugin v26.8 - https:\/\/yoast.com\/product\/yoast-seo-wordpress\/ -->\n<title>Assigning items to a category &#8211; JTL-Guide<\/title>\n<meta name=\"robots\" content=\"index, follow, max-snippet:-1, max-image-preview:large, max-video-preview:-1\" \/>\n<link rel=\"canonical\" href=\"https:\/\/guide.jtl-software.com\/en\/jtl-wawi\/items\/assigning-items-to-a-category\/\" \/>\n<meta property=\"og:locale\" content=\"en_US\" \/>\n<meta property=\"og:type\" content=\"article\" \/>\n<meta property=\"og:title\" content=\"Assigning items to a category &#8211; JTL-Guide\" \/>\n<meta property=\"og:description\" content=\"[vc_row][vc_column width=&#8221;1\/3&#8243; responsive=&#8221;{&#8220;col&#8220;: &#8220;12&#8220;, &#8220;order-md&#8220;: &#8220;1&#8220;, &#8220;col-lg&#8220;: &#8220;4&#8220;, &#8220;order-lg&#8220;: &#8220;12&#8220;}&#8221; advanced=&#8221;{&#8220;class&#8220;: &#8220;&#8220;, &#8220;hash&#8220;: &#8220;&#8220;}&#8221;][\/vc_column][vc_column responsive=&#8221;{&#8220;col&#8220;: &#8220;12&#8220;, &#8220;col-md&#8220;: &#8220;8&#8220;, &#8220;order-md&#8220;: &#8220;12&#8220;, [...]\" \/>\n<meta property=\"og:url\" content=\"https:\/\/guide.jtl-software.com\/en\/jtl-wawi\/items\/assigning-items-to-a-category\/\" \/>\n<meta property=\"og:site_name\" content=\"JTL-Guide\" \/>\n<meta property=\"article:modified_time\" content=\"2023-06-16T07:46:42+00:00\" \/>\n<meta name=\"twitter:card\" content=\"summary_large_image\" \/>\n<meta name=\"twitter:label1\" content=\"Est. reading time\" \/>\n\t<meta name=\"twitter:data1\" content=\"7 minutes\" \/>\n<script type=\"application\/ld+json\" class=\"yoast-schema-graph\">{\"@context\":\"https:\/\/schema.org\",\"@graph\":[{\"@type\":\"WebPage\",\"@id\":\"https:\/\/guide.jtl-software.com\/en\/jtl-wawi\/items\/assigning-items-to-a-category\/\",\"url\":\"https:\/\/guide.jtl-software.com\/en\/jtl-wawi\/items\/assigning-items-to-a-category\/\",\"name\":\"Assigning items to a category &#8211; JTL-Guide\",\"isPartOf\":{\"@id\":\"https:\/\/guide.jtl-software.com\/en\/#website\"},\"datePublished\":\"2019-04-11T14:36:09+00:00\",\"dateModified\":\"2023-06-16T07:46:42+00:00\",\"breadcrumb\":{\"@id\":\"https:\/\/guide.jtl-software.com\/en\/jtl-wawi\/items\/assigning-items-to-a-category\/#breadcrumb\"},\"inLanguage\":\"en-en\",\"potentialAction\":[{\"@type\":\"ReadAction\",\"target\":[\"https:\/\/guide.jtl-software.com\/en\/jtl-wawi\/items\/assigning-items-to-a-category\/\"]}]},{\"@type\":\"BreadcrumbList\",\"@id\":\"https:\/\/guide.jtl-software.com\/en\/jtl-wawi\/items\/assigning-items-to-a-category\/#breadcrumb\",\"itemListElement\":[{\"@type\":\"ListItem\",\"position\":1,\"name\":\"JTL-Wawi\",\"item\":\"https:\/\/guide.jtl-software.com\/en\/jtl-wawi\/\"},{\"@type\":\"ListItem\",\"position\":2,\"name\":\"Items\",\"item\":\"https:\/\/guide.jtl-software.com\/en\/jtl-wawi\/artikel\/\"},{\"@type\":\"ListItem\",\"position\":3,\"name\":\"Assigning items to a category\"}]},{\"@type\":\"WebSite\",\"@id\":\"https:\/\/guide.jtl-software.com\/en\/#website\",\"url\":\"https:\/\/guide.jtl-software.com\/en\/\",\"name\":\"JTL-Guide\",\"description\":\"Dokumentation f\u00fcr die gesamte Produktfamilie von JTL\",\"potentialAction\":[{\"@type\":\"SearchAction\",\"target\":{\"@type\":\"EntryPoint\",\"urlTemplate\":\"https:\/\/guide.jtl-software.com\/en\/?s={search_term_string}\"},\"query-input\":{\"@type\":\"PropertyValueSpecification\",\"valueRequired\":true,\"valueName\":\"search_term_string\"}}],\"inLanguage\":\"en-en\"}]}<\/script>\n<!-- \/ Yoast SEO plugin. -->","yoast_head_json":{"title":"Assigning items to a category &#8211; JTL-Guide","robots":{"index":"index","follow":"follow","max-snippet":"max-snippet:-1","max-image-preview":"max-image-preview:large","max-video-preview":"max-video-preview:-1"},"canonical":"https:\/\/guide.jtl-software.com\/en\/jtl-wawi\/items\/assigning-items-to-a-category\/","og_locale":"en_US","og_type":"article","og_title":"Assigning items to a category &#8211; JTL-Guide","og_description":"[vc_row][vc_column width=&#8221;1\/3&#8243; responsive=&#8221;{&#8220;col&#8220;: &#8220;12&#8220;, &#8220;order-md&#8220;: &#8220;1&#8220;, &#8220;col-lg&#8220;: &#8220;4&#8220;, &#8220;order-lg&#8220;: &#8220;12&#8220;}&#8221; advanced=&#8221;{&#8220;class&#8220;: &#8220;&#8220;, &#8220;hash&#8220;: &#8220;&#8220;}&#8221;][\/vc_column][vc_column responsive=&#8221;{&#8220;col&#8220;: &#8220;12&#8220;, &#8220;col-md&#8220;: &#8220;8&#8220;, &#8220;order-md&#8220;: &#8220;12&#8220;, [...]","og_url":"https:\/\/guide.jtl-software.com\/en\/jtl-wawi\/items\/assigning-items-to-a-category\/","og_site_name":"JTL-Guide","article_modified_time":"2023-06-16T07:46:42+00:00","twitter_card":"summary_large_image","twitter_misc":{"Est. reading time":"7 minutes"},"schema":{"@context":"https:\/\/schema.org","@graph":[{"@type":"WebPage","@id":"https:\/\/guide.jtl-software.com\/en\/jtl-wawi\/items\/assigning-items-to-a-category\/","url":"https:\/\/guide.jtl-software.com\/en\/jtl-wawi\/items\/assigning-items-to-a-category\/","name":"Assigning items to a category &#8211; JTL-Guide","isPartOf":{"@id":"https:\/\/guide.jtl-software.com\/en\/#website"},"datePublished":"2019-04-11T14:36:09+00:00","dateModified":"2023-06-16T07:46:42+00:00","breadcrumb":{"@id":"https:\/\/guide.jtl-software.com\/en\/jtl-wawi\/items\/assigning-items-to-a-category\/#breadcrumb"},"inLanguage":"en-en","potentialAction":[{"@type":"ReadAction","target":["https:\/\/guide.jtl-software.com\/en\/jtl-wawi\/items\/assigning-items-to-a-category\/"]}]},{"@type":"BreadcrumbList","@id":"https:\/\/guide.jtl-software.com\/en\/jtl-wawi\/items\/assigning-items-to-a-category\/#breadcrumb","itemListElement":[{"@type":"ListItem","position":1,"name":"JTL-Wawi","item":"https:\/\/guide.jtl-software.com\/en\/jtl-wawi\/"},{"@type":"ListItem","position":2,"name":"Items","item":"https:\/\/guide.jtl-software.com\/en\/jtl-wawi\/artikel\/"},{"@type":"ListItem","position":3,"name":"Assigning items to a category"}]},{"@type":"WebSite","@id":"https:\/\/guide.jtl-software.com\/en\/#website","url":"https:\/\/guide.jtl-software.com\/en\/","name":"JTL-Guide","description":"Dokumentation f\u00fcr die gesamte Produktfamilie von JTL","potentialAction":[{"@type":"SearchAction","target":{"@type":"EntryPoint","urlTemplate":"https:\/\/guide.jtl-software.com\/en\/?s={search_term_string}"},"query-input":{"@type":"PropertyValueSpecification","valueRequired":true,"valueName":"search_term_string"}}],"inLanguage":"en-en"}]}},"_links":{"self":[{"href":"https:\/\/guide.jtl-software.com\/en\/wp-json\/wp\/v2\/pages\/191794","targetHints":{"allow":["GET"]}}],"collection":[{"href":"https:\/\/guide.jtl-software.com\/en\/wp-json\/wp\/v2\/pages"}],"about":[{"href":"https:\/\/guide.jtl-software.com\/en\/wp-json\/wp\/v2\/types\/page"}],"author":[{"embeddable":true,"href":"https:\/\/guide.jtl-software.com\/en\/wp-json\/wp\/v2\/users\/2"}],"replies":[{"embeddable":true,"href":"https:\/\/guide.jtl-software.com\/en\/wp-json\/wp\/v2\/comments?post=191794"}],"version-history":[{"count":5,"href":"https:\/\/guide.jtl-software.com\/en\/wp-json\/wp\/v2\/pages\/191794\/revisions"}],"predecessor-version":[{"id":202279,"href":"https:\/\/guide.jtl-software.com\/en\/wp-json\/wp\/v2\/pages\/191794\/revisions\/202279"}],"up":[{"embeddable":true,"href":"https:\/\/guide.jtl-software.com\/en\/wp-json\/wp\/v2\/pages\/191800"}],"wp:attachment":[{"href":"https:\/\/guide.jtl-software.com\/en\/wp-json\/wp\/v2\/media?parent=191794"}],"wp:term":[{"taxonomy":"post_tag","embeddable":true,"href":"https:\/\/guide.jtl-software.com\/en\/wp-json\/wp\/v2\/tags?post=191794"}],"curies":[{"name":"wp","href":"https:\/\/api.w.org\/{rel}","templated":true}]}}