{"id":191851,"date":"2019-02-11T11:16:16","date_gmt":"2019-02-11T10:16:16","guid":{"rendered":"https:\/\/guide.jtl-software.com\/jtl-wms-mobile\/"},"modified":"2023-06-16T10:19:54","modified_gmt":"2023-06-16T08:19:54","slug":"jtl-wms-mobile","status":"publish","type":"page","link":"https:\/\/guide.jtl-software.com\/en\/jtl-wms\/jtl-wms-mobile\/","title":{"rendered":"JTL-WMS\u00a0Mobile"},"content":{"rendered":"<div class=\"wpb-content-wrapper\">[vc_row nospace=&#8221;1&#8243; min_height=&#8221;{&#8220;min_height&#8220;: &#8220;&#8220;, &#8220;min_height-xs&#8220;: &#8220;&#8220;, &#8220;min_height-sm&#8220;: &#8220;&#8220;, &#8220;min_height-md&#8220;: &#8220;&#8220;, &#8220;min_height-lg&#8220;: &#8220;&#8220;, &#8220;min_height-xl&#8220;: &#8220;&#8220;}&#8221; advanced=&#8221;{&#8220;class&#8220;: &#8220;&#8220;, &#8220;hash&#8220;: &#8220;&#8220;}&#8221;][vc_column responsive=&#8221;{&#8220;col&#8220;: &#8220;12&#8220;, &#8220;col-md&#8220;: &#8220;12&#8220;}&#8221;]<style type=\"text\/css\">@media(max-width: 1200px) {.hero-card-69e18583a8a01{background: url(https:\/\/guide.jtl-software.com\/uploads\/wms-mobile-hero.jpg) no-repeat center right \/ cover !important;}}@media(max-width: 992px) {.hero-card-69e18583a8a01{background: url(https:\/\/guide.jtl-software.com\/uploads\/wms-mobile-hero.jpg) no-repeat bottom center \/ cover !important;}}@media(max-width: 768px) {.hero-card-69e18583a8a01{background: url(https:\/\/guide.jtl-software.com\/uploads\/wms-mobile-hero-xs.jpg) no-repeat bottom center \/ cover !important;}}<\/style><div class=\"border-wms hero-card rounded rounded-bottom-left-0 rounded-bottom-right-0 border-bottom hero-card-69e18583a8a01\" style=\"background-image: url(https:\/\/guide.jtl-software.com\/uploads\/wms-mobile-hero.jpg); background-position: center right; background-size: cover; background-repeat: no-repeat;\">\n\t<div class=\"hero-holder py-5 py-lg-6 px-5 px-lg-8\">\n\t\t[vc_row_inner][vc_column_inner responsive=&#8221;{&#8220;col&#8220;: &#8220;12&#8220;, &#8220;col-lg&#8220;: &#8220;8&#8220;}&#8221; advanced=&#8221;{&#8220;class&#8220;: &#8220;&#8220;, &#8220;hash&#8220;: &#8220;&#8220;}&#8221;]<img decoding=\"async\" width=\"189.67707781895\" height=\"60\" src=\"https:\/\/guide.jtl-software.com\/site\/themes\/jtlguide\/assets\/dist\/logos\/jtl-wms-mobile.svg\" alt=\"JTL-Wms-mobile\" class=\"mb-5 img-fluid\"><h1 class=\"mb-0 text-shaftblue font-weight-normal d-flex align-items-center hl-wawi h2\" id=\"app-for-mobile-working\">App for mobile working <span id='anchor-app-for-mobile-working' data-href='#app-for-mobile-working' class='far fa-link' data-anchor><\/span><\/h1>[\/vc_column_inner][\/vc_row_inner]\t<\/div>\n<\/div>\n[\/vc_column][\/vc_row][vc_row min_height=&#8221;{&#8220;min_height&#8220;: &#8220;&#8220;, &#8220;min_height-xs&#8220;: &#8220;&#8220;, &#8220;min_height-sm&#8220;: &#8220;&#8220;, &#8220;min_height-md&#8220;: &#8220;&#8220;, &#8220;min_height-lg&#8220;: &#8220;&#8220;, &#8220;min_height-xl&#8220;: &#8220;&#8220;}&#8221; advanced=&#8221;{&#8220;class&#8220;: &#8220;&#8220;, &#8220;hash&#8220;: &#8220;&#8220;}&#8221;][vc_column responsive=&#8221;{&#8220;col&#8220;: &#8220;12&#8220;, &#8220;col-md&#8220;: &#8220;12&#8220;}&#8221;]<h2 class=\"d-flex align-items-center hl-wms\" id=\"how-to\"><span class=\"mr-3 fa-stack flex-shrink-0 fa-headline-0x\"><span class=\"far fa-circle fa-stack-2x text-wms\"><\/span><span class=\"flex-shrink-0 fas fa-lightbulb text-wms fa-stack-1x\"><\/span><\/span><span>How to<\/span> <span id='anchor-how-to' data-href='#how-to' class='far fa-link' data-anchor><\/span><\/h2><div class=\"tab-wrapper responsive\">\n\t<ul class=\"nav nav-tabs\" role=\"tablist\">\n\t\t\t\t\t<li class=\"nav-item\">\n\t\t\t\t<a class=\"nav-link active\" href=\"#tab-1536923688-1-92\" id=\"anchor-tab-1536923688-1-92\" aria-controls=\"1536923688-1-92\" role=\"tab\" data-toggle=\"tab\">\n\t\t\t\t\tBasics\t\t\t\t<\/a>\n\t\t\t<\/li>\n\t\t\t\t\t<li class=\"nav-item\">\n\t\t\t\t<a class=\"nav-link \" href=\"#tab-1536923717897-1-8\" id=\"anchor-tab-1536923717897-1-8\" aria-controls=\"1536923717897-1-8\" role=\"tab\" data-toggle=\"tab\">\n\t\t\t\t\tConfiguration\t\t\t\t<\/a>\n\t\t\t<\/li>\n\t\t\t\t\t<li class=\"nav-item\">\n\t\t\t\t<a class=\"nav-link \" href=\"#tab-1542789285714-2-3\" id=\"anchor-tab-1542789285714-2-3\" aria-controls=\"1542789285714-2-3\" role=\"tab\" data-toggle=\"tab\">\n\t\t\t\t\tVideos\t\t\t\t<\/a>\n\t\t\t<\/li>\n\t\t\t<\/ul>\n\t<div class=\"tab-content\">\n\t\t<div role=\"tabpanel\" class=\"tab-pane fade card active show item-0\" id=\"tab-1536923688-1-92\">\n\t<a class=\"text-decoration-none card-header-link\" data-toggle=\"collapse\" href=\"#collapse-1536923688-1-92\" aria-expanded=\"true\" aria-controls=\"collapse-1536923688-1-92\">\n\t\t<div class=\"card-header d-flex bg-white align-items-center\" role=\"tab\" id=\"heading-1536923688-1-92\">\n\t\t\t<span class=\"h4 mb-0\">Basics<\/span>\n\t\t\t<span class=\"flex-shrink-0 ml-auto fas fa-caret-down text-gray\"><\/span>\n\t\t<\/div>\n\t<\/a>\n    <div id=\"collapse-1536923688-1-92\" class=\"collapse show\" data-parent=\"#content\" role=\"tabpanel\" aria-labelledby=\"heading-1536923688-1-92\">\n        <div class=\"card-body\">\n\t\t\t[vc_row_inner use_as_box=&#8221;1&#8243; min_height=&#8221;{&#8220;min_height&#8220;: &#8220;&#8220;, &#8220;min_height-xs&#8220;: &#8220;&#8220;, &#8220;min_height-sm&#8220;: &#8220;&#8220;, &#8220;min_height-md&#8220;: &#8220;&#8220;, &#8220;min_height-lg&#8220;: &#8220;&#8220;, &#8220;min_height-xl&#8220;: &#8220;&#8220;}&#8221; advanced=&#8221;{&#8220;class&#8220;: &#8220;&#8220;, &#8220;hash&#8220;: &#8220;&#8220;}&#8221; utilities=&#8221;{&#8220;pt&#8220;: &#8220;5&#8220;}&#8221;][vc_column_inner responsive=&#8221;{&#8220;col&#8220;:&#8220;12&#8220;,&#8220;col-md&#8220;:&#8220;6&#8220;}&#8221; width=&#8221;1\/2&#8243;]<p class=\"d-flex align-items-center hl-wawi h6\">Information<\/p><ul class=\"list-reset ml-3 list-icons list-custom-square list-wms\">\n\t<li >\n\t<a href=\"https:\/\/guide.jtl-software.com\/en\/jtl-wms\/jtl-wms-mobile\/dialogue-box-information\/\" title=\"Detailfenster: Informationen\">\t\t<span class=\"list-icon fas fa-square\"><\/span>\t\tDetailfenster: Informationen\t<\/a><\/li><\/ul><p class=\"d-flex align-items-center hl-wawi h6\">Installation<\/p><ul class=\"list-reset ml-3 list-icons list-custom-square list-wms\">\n\t<li >\n\t<a href=\"https:\/\/guide.jtl-software.com\/en\/jtl-wms\/jtl-wms-mobile\/setting-up-jtl-wms-mobile\/\" title=\"Setting up JTL-WMS\u00a0Mobile\">\t\t<span class=\"list-icon fas fa-square\"><\/span>\t\tSetting up JTL-WMS Mobile\t<\/a><\/li><\/ul><p class=\"d-flex align-items-center hl-wawi h6\">Processes in JTL-WMS Mobile<\/p><ul class=\"list-reset ml-3 list-icons list-custom-square list-wms\">\n\t<li >\n\t<a href=\"https:\/\/guide.jtl-software.com\/en\/jtl-wms\/jtl-wms-mobile\/goods-receipt\/\" title=\"Goods receipt\">\t\t<span class=\"list-icon fas fa-square\"><\/span>\t\tGoods receipt\t<\/a><\/li><li >\n\t<a href=\"https:\/\/guide.jtl-software.com\/en\/jtl-wms\/jtl-wms-mobile\/goods-receipt-without-po-using-jtl-wms-mobile\/\" title=\"Freier Wareneingang\">\t\t<span class=\"list-icon fas fa-square\"><\/span>\t\tFreier Wareneingang\t<\/a><\/li><li >\n\t<a href=\"https:\/\/guide.jtl-software.com\/en\/jtl-wms\/jtl-wms-mobile\/collective-picking-with-jtl-wms-mobile\/\" title=\"Goods issue: Collective picking\">\t\t<span class=\"list-icon fas fa-square\"><\/span>\t\tGoods issue: Collective picking\t<\/a><\/li><li >\n\t<a href=\"https:\/\/guide.jtl-software.com\/en\/jtl-wms\/jtl-wms-mobile\/goods-issue-pick-to-box\/\" title=\"Goods issue: Pick-to-box\">\t\t<span class=\"list-icon fas fa-square\"><\/span>\t\tGoods issue: Pick-to-box\t<\/a><\/li><li >\n\t<a href=\"https:\/\/guide.jtl-software.com\/en\/jtl-wms\/jtl-wms-mobile\/adjustment-postings\/\" title=\"Adjustment postings\">\t\t<span class=\"list-icon fas fa-square\"><\/span>\t\tAdjustment postings\t<\/a><\/li><li >\n\t<a href=\"https:\/\/guide.jtl-software.com\/en\/jtl-wms\/jtl-wms-mobile\/performing-an-inventory\/\" title=\"Performing an inventory\">\t\t<span class=\"list-icon fas fa-square\"><\/span>\t\tPerforming an inventory\t<\/a><\/li><\/ul>[\/vc_column_inner][vc_column_inner width=&#8221;1\/2&#8243; responsive=&#8221;{&#8220;col&#8220;:&#8220;12&#8220;,&#8220;col-md&#8220;:&#8220;6&#8220;}&#8221;]<p class=\"d-flex align-items-center hl-wawi h6\">Stock transfers<\/p><ul class=\"list-reset ml-3 list-icons list-custom-square list-wms\">\n\t<li >\n\t<a href=\"https:\/\/guide.jtl-software.com\/en\/jtl-wms\/jtl-wms-mobile\/performing-collective-stock-transfers\/\" title=\"Performing collective stock transfers\">\t\t<span class=\"list-icon fas fa-square\"><\/span>\t\tPerforming collective stock transfers\t<\/a><\/li><li >\n\t<a href=\"https:\/\/guide.jtl-software.com\/en\/jtl-wms\/jtl-wms-mobile\/transferring-items-from-the-replenishment-area-to-the-picking-area\/\" title=\"Transferring items from the replenishment area to the picking area\">\t\t<span class=\"list-icon fas fa-square\"><\/span>\t\tTransferring items from the replenishment area to the picking area\t<\/a><\/li><li >\n\t<a href=\"https:\/\/guide.jtl-software.com\/jtl-planproduce\/nachschubauftrag-erstellen\/\" title=\"Nachschub f\u00fcr Produktion\">\t\t<span class=\"list-icon fas fa-square\"><\/span>\t\tNachschub f\u00fcr Produktion\t<\/a><\/li><\/ul>[\/vc_column_inner][vc_column_inner width=&#8221;1\/1&#8243; responsive=&#8221;{&#8220;col&#8220;:&#8220;12&#8220;,&#8220;col-md&#8220;:&#8220;12&#8220;}&#8221;]<hr  \/>\n[\/vc_column_inner][vc_column_inner width=&#8221;1\/2&#8243; responsive=&#8221;{&#8220;col&#8220;:&#8220;12&#8220;,&#8220;col-md&#8220;:&#8220;6&#8220;}&#8221;]\t<p>Das barcodegest\u00fctzte Arbeiten mit mobilen Ger\u00e4ten reduziert Fehlerquoten im Lager und f\u00fchrt Ihre Mitarbeiter z\u00fcgig durch den Wareneingang und den Pickprozess. Korrekturbuchungen und Umlagerungen innerhalb des Lagers oder auch in andere Lager k\u00f6nnen schnell, unkompliziert und nachvollziehbar durchgef\u00fchrt werden.<\/p>\n<p>&nbsp;<\/p>\n[\/vc_column_inner][vc_column_inner width=&#8221;1\/2&#8243; responsive=&#8221;{&#8220;col&#8220;:&#8220;12&#8220;,&#8220;col-md&#8220;:&#8220;6&#8220;}&#8221;]\t<p>Mobile and barcode-based inventories can be performed by an unlimited number of employees with mobile end devices at the same time.<\/p>\n[\/vc_column_inner][\/vc_row_inner]\t\t<\/div>\n    <\/div>\n<\/div><div role=\"tabpanel\" class=\"tab-pane fade card item-1\" id=\"tab-1536923717897-1-8\">\n\t<a class=\"text-decoration-none card-header-link\" data-toggle=\"collapse\" href=\"#collapse-1536923717897-1-8\" aria-expanded=\"false\" aria-controls=\"collapse-1536923717897-1-8\">\n\t\t<div class=\"card-header d-flex bg-white align-items-center\" role=\"tab\" id=\"heading-1536923717897-1-8\">\n\t\t\t<span class=\"h4 mb-0\">Configuration<\/span>\n\t\t\t<span class=\"flex-shrink-0 ml-auto fas fa-caret-down text-gray\"><\/span>\n\t\t<\/div>\n\t<\/a>\n    <div id=\"collapse-1536923717897-1-8\" class=\"collapse\" data-parent=\"#content\" role=\"tabpanel\" aria-labelledby=\"heading-1536923717897-1-8\">\n        <div class=\"card-body\">\n\t\t\t[vc_row_inner use_as_box=&#8221;1&#8243; min_height=&#8221;{&#8220;min_height&#8220;: &#8220;&#8220;, &#8220;min_height-xs&#8220;: &#8220;&#8220;, &#8220;min_height-sm&#8220;: &#8220;&#8220;, &#8220;min_height-md&#8220;: &#8220;&#8220;, &#8220;min_height-lg&#8220;: &#8220;&#8220;, &#8220;min_height-xl&#8220;: &#8220;&#8220;}&#8221; advanced=&#8221;{&#8220;class&#8220;: &#8220;&#8220;, &#8220;hash&#8220;: &#8220;&#8220;}&#8221; utilities=&#8221;{&#8220;pt&#8220;: &#8220;5&#8220;}&#8221;][vc_column_inner responsive=&#8221;{&#8220;col&#8220;:&#8220;12&#8220;,&#8220;col-md&#8220;:&#8220;6&#8220;}&#8221; width=&#8221;1\/2&#8243;]<p class=\"d-flex align-items-center hl-wawi h6\">Settings<\/p><ul class=\"list-reset ml-3 list-icons list-custom-square list-wms\">\n\t<li >\n\t<a href=\"https:\/\/guide.jtl-software.com\/en\/jtl-wms\/jtl-wms-mobile\/dialogue-box-settings\/\" title=\"Settings\">\t\t<span class=\"list-icon fas fa-square\"><\/span>\t\tSettings\t<\/a><\/li><li >\n\t<a href=\"https:\/\/guide.jtl-software.com\/en\/jtl-wms\/jtl-wms-mobile\/managing-the-entered-item-quantity\/\" title=\"Managing the entered item quantity\">\t\t<span class=\"list-icon fas fa-square\"><\/span>\t\tManaging the entered item quantity\t<\/a><\/li><li >\n\t<a href=\"https:\/\/guide.jtl-software.com\/en\/jtl-wms\/jtl-wms-mobile\/editing-users-rights-and-special-permissions-for-jtl-wms-mobile\/\" title=\"Benutzer, Rechte und Berechtigungen f\u00fcr JTL-WMS Mobile bearbeiten\">\t\t<span class=\"list-icon fas fa-square\"><\/span>\t\tBenutzer, Rechte und Berechtigungen f\u00fcr JTL-WMS Mobile bearbeiten\t<\/a><\/li><\/ul>[\/vc_column_inner][vc_column_inner width=&#8221;1\/2&#8243; responsive=&#8221;{&#8220;col&#8220;:&#8220;12&#8220;,&#8220;col-md&#8220;:&#8220;6&#8220;}&#8221;][\/vc_column_inner][vc_column_inner width=&#8221;1\/1&#8243; responsive=&#8221;{&#8220;col&#8220;:&#8220;12&#8220;,&#8220;col-md&#8220;:&#8220;12&#8220;}&#8221;]<hr  \/>\n[\/vc_column_inner][vc_column_inner width=&#8221;1\/2&#8243; responsive=&#8221;{&#8220;col&#8220;:&#8220;12&#8220;,&#8220;col-md&#8220;:&#8220;6&#8220;}&#8221;]\t<p>In this section you will learn all about the initial setup of JTL-WMS\u00a0Mobile and how to adjust the settings in the app to alter the way in which the app displays information and processes are carried out.<\/p>\n[\/vc_column_inner][vc_column_inner width=&#8221;1\/2&#8243; responsive=&#8221;{&#8220;col&#8220;:&#8220;12&#8220;,&#8220;col-md&#8220;:&#8220;6&#8220;}&#8221;][\/vc_column_inner][\/vc_row_inner]\t\t<\/div>\n    <\/div>\n<\/div><div role=\"tabpanel\" class=\"pt-5 pl-5 tab-pane fade card item-2\" id=\"tab-1542789285714-2-3\">\n\t<a class=\"text-decoration-none card-header-link\" data-toggle=\"collapse\" href=\"#collapse-1542789285714-2-3\" aria-expanded=\"false\" aria-controls=\"collapse-1542789285714-2-3\">\n\t\t<div class=\"card-header d-flex bg-white align-items-center\" role=\"tab\" id=\"heading-1542789285714-2-3\">\n\t\t\t<span class=\"h4 mb-0\">Videos<\/span>\n\t\t\t<span class=\"flex-shrink-0 ml-auto fas fa-caret-down text-gray\"><\/span>\n\t\t<\/div>\n\t<\/a>\n    <div id=\"collapse-1542789285714-2-3\" class=\"collapse\" data-parent=\"#content\" role=\"tabpanel\" aria-labelledby=\"heading-1542789285714-2-3\">\n        <div class=\"card-body\">\n\t\t\t[vc_row_inner][vc_column_inner responsive=&#8221;{&#8220;col&#8220;:&#8220;12&#8220;,&#8220;col-md&#8220;:&#8220;6&#8220;}&#8221; width=&#8221;1\/2&#8243;]<h4 class=\"d-flex align-items-center hl-wawi h3\" id=\"setup-of-the-jtl-wms-mobile-web-server\">Setup of the JTL-WMS Mobile web server <span id='anchor-setup-of-the-jtl-wms-mobile-web-server' data-href='#setup-of-the-jtl-wms-mobile-web-server' class='far fa-link' data-anchor><\/span><\/h4><div class=\"embed-responsive embed-responsive-16by9\">\n\t\t\t<div class=\"embed-responsive-item\" data-youtubeCover=\"{&quot;player&quot;:{&quot;videoID&quot;:&quot;kbrTt4FNbqs&quot;}}\">\n\t\t\t\t\t\t\t<div class=\"cover max poster\">\n\t\t\t\t\t<img loading=\"lazy\" decoding=\"async\" src=\"https:\/\/guide.jtl-software.com\/uploads\/youtube-thumbs\/kbrTt4FNbqs-maxresdefault.jpg\" width=\"560\" height=\"315\">\n\t\t\t\t\t<span class=\"fab fa-youtube video-icon\"><\/span>\n\t\t\t\t<\/div>\n\t\t\t\t\t<\/div>\n\t<\/div>\n[\/vc_column_inner][vc_column_inner width=&#8221;1\/2&#8243; responsive=&#8221;{&#8220;col&#8220;:&#8220;12&#8220;,&#8220;col-md&#8220;:&#8220;6&#8220;}&#8221;]<h4 class=\"d-flex align-items-center hl-wawi h3\" id=\"jtl-wms-mobile-adjustment-postings\">JTL-WMS Mobile: Adjustment postings <span id='anchor-jtl-wms-mobile-adjustment-postings' data-href='#jtl-wms-mobile-adjustment-postings' class='far fa-link' data-anchor><\/span><\/h4><div class=\"embed-responsive embed-responsive-16by9\">\n\t\t\t<div class=\"embed-responsive-item\" data-youtubeCover=\"{&quot;player&quot;:{&quot;videoID&quot;:&quot;kMu4Gt20lfU&quot;}}\">\n\t\t\t\t\t\t\t<div class=\"cover max poster\">\n\t\t\t\t\t<img loading=\"lazy\" decoding=\"async\" src=\"https:\/\/guide.jtl-software.com\/uploads\/youtube-thumbs\/kMu4Gt20lfU-maxresdefault.jpg\" width=\"560\" height=\"315\">\n\t\t\t\t\t<span class=\"fab fa-youtube video-icon\"><\/span>\n\t\t\t\t<\/div>\n\t\t\t\t\t<\/div>\n\t<\/div>\n[\/vc_column_inner][\/vc_row_inner]\t\t<\/div>\n    <\/div>\n<\/div>\t<\/div>\n<\/div>[\/vc_column][\/vc_row]<\/div>","protected":false},"excerpt":{"rendered":"[vc_row nospace=&#8221;1&#8243; min_height=&#8221;{&#8220;min_height&#8220;: &#8220;&#8220;, &#8220;min_height-xs&#8220;: &#8220;&#8220;, &#8220;min_height-sm&#8220;: &#8220;&#8220;, &#8220;min_height-md&#8220;: &#8220;&#8220;, &#8220;min_height-lg&#8220;: &#8220;&#8220;, &#8220;min_height-xl&#8220;: &#8220;&#8220;}&#8221; advanced=&#8221;{&#8220;class&#8220;: &#8220;&#8220;, &#8220;hash&#8220;: &#8220;&#8220;}&#8221;][vc_column responsive=&#8221;{&#8220;col&#8220;: &#8220;12&#8220;, <a href=\"https:\/\/guide.jtl-software.com\/en\/jtl-wms\/jtl-wms-mobile\/\">[&#8230;]<\/a>","protected":false},"author":2,"featured_media":0,"parent":191860,"menu_order":649,"comment_status":"closed","ping_status":"closed","template":"","meta":{"_acf_changed":false,"_relevanssi_hide_post":"","_relevanssi_hide_content":"","_relevanssi_pin_for_all":"","_relevanssi_pin_keywords":"","_relevanssi_unpin_keywords":"","_relevanssi_related_keywords":"","_relevanssi_related_include_ids":"","_relevanssi_related_exclude_ids":"","_relevanssi_related_no_append":"","_relevanssi_related_not_related":"","_relevanssi_related_posts":"","_relevanssi_noindex_reason":"","footnotes":""},"tags":[],"class_list":["post-191851","page","type-page","status-publish","hentry"],"acf":[],"yoast_head":"<!-- This site is optimized with the Yoast SEO plugin v26.8 - https:\/\/yoast.com\/product\/yoast-seo-wordpress\/ -->\n<title>JTL-WMS\u00a0Mobile help pages \u2013 Mobile warehouse management<\/title>\n<meta name=\"description\" content=\"Use JTL-WMS\u00a0Mobile to access all functions of JTL-WMS on your mobile device. Read here how to optimally set up JTL-WMS\u00a0Mobile.\" \/>\n<meta name=\"robots\" content=\"index, follow, max-snippet:-1, max-image-preview:large, max-video-preview:-1\" \/>\n<link rel=\"canonical\" href=\"https:\/\/guide.jtl-software.com\/en\/jtl-wms\/jtl-wms-mobile\/\" \/>\n<meta property=\"og:locale\" content=\"en_US\" \/>\n<meta property=\"og:type\" content=\"article\" \/>\n<meta property=\"og:title\" content=\"JTL-WMS\u00a0Mobile help pages \u2013 Mobile warehouse management\" \/>\n<meta property=\"og:description\" content=\"Use JTL-WMS\u00a0Mobile to access all functions of JTL-WMS on your mobile device. Read here how to optimally set up JTL-WMS\u00a0Mobile.\" \/>\n<meta property=\"og:url\" content=\"https:\/\/guide.jtl-software.com\/en\/jtl-wms\/jtl-wms-mobile\/\" \/>\n<meta property=\"og:site_name\" content=\"JTL-Guide\" \/>\n<meta property=\"article:modified_time\" content=\"2023-06-16T08:19:54+00:00\" \/>\n<meta name=\"twitter:card\" content=\"summary_large_image\" \/>\n<meta name=\"twitter:label1\" content=\"Est. reading time\" \/>\n\t<meta name=\"twitter:data1\" content=\"8 minutes\" \/>\n<script type=\"application\/ld+json\" class=\"yoast-schema-graph\">{\"@context\":\"https:\/\/schema.org\",\"@graph\":[{\"@type\":\"WebPage\",\"@id\":\"https:\/\/guide.jtl-software.com\/en\/jtl-wms\/jtl-wms-mobile\/\",\"url\":\"https:\/\/guide.jtl-software.com\/en\/jtl-wms\/jtl-wms-mobile\/\",\"name\":\"JTL-WMS\u00a0Mobile help pages \u2013 Mobile warehouse management\",\"isPartOf\":{\"@id\":\"https:\/\/guide.jtl-software.com\/en\/#website\"},\"datePublished\":\"2019-02-11T10:16:16+00:00\",\"dateModified\":\"2023-06-16T08:19:54+00:00\",\"description\":\"Use JTL-WMS\u00a0Mobile to access all functions of JTL-WMS on your mobile device. Read here how to optimally set up JTL-WMS\u00a0Mobile.\",\"breadcrumb\":{\"@id\":\"https:\/\/guide.jtl-software.com\/en\/jtl-wms\/jtl-wms-mobile\/#breadcrumb\"},\"inLanguage\":\"en-en\",\"potentialAction\":[{\"@type\":\"ReadAction\",\"target\":[\"https:\/\/guide.jtl-software.com\/en\/jtl-wms\/jtl-wms-mobile\/\"]}]},{\"@type\":\"BreadcrumbList\",\"@id\":\"https:\/\/guide.jtl-software.com\/en\/jtl-wms\/jtl-wms-mobile\/#breadcrumb\",\"itemListElement\":[{\"@type\":\"ListItem\",\"position\":1,\"name\":\"JTL-WMS\",\"item\":\"https:\/\/guide.jtl-software.com\/en\/jtl-wms\/\"},{\"@type\":\"ListItem\",\"position\":2,\"name\":\"JTL-WMS\u00a0Mobile\"}]},{\"@type\":\"WebSite\",\"@id\":\"https:\/\/guide.jtl-software.com\/en\/#website\",\"url\":\"https:\/\/guide.jtl-software.com\/en\/\",\"name\":\"JTL-Guide\",\"description\":\"Dokumentation f\u00fcr die gesamte Produktfamilie von JTL\",\"potentialAction\":[{\"@type\":\"SearchAction\",\"target\":{\"@type\":\"EntryPoint\",\"urlTemplate\":\"https:\/\/guide.jtl-software.com\/en\/?s={search_term_string}\"},\"query-input\":{\"@type\":\"PropertyValueSpecification\",\"valueRequired\":true,\"valueName\":\"search_term_string\"}}],\"inLanguage\":\"en-en\"}]}<\/script>\n<!-- \/ Yoast SEO plugin. -->","yoast_head_json":{"title":"JTL-WMS\u00a0Mobile help pages \u2013 Mobile warehouse management","description":"Use JTL-WMS\u00a0Mobile to access all functions of JTL-WMS on your mobile device. Read here how to optimally set up JTL-WMS\u00a0Mobile.","robots":{"index":"index","follow":"follow","max-snippet":"max-snippet:-1","max-image-preview":"max-image-preview:large","max-video-preview":"max-video-preview:-1"},"canonical":"https:\/\/guide.jtl-software.com\/en\/jtl-wms\/jtl-wms-mobile\/","og_locale":"en_US","og_type":"article","og_title":"JTL-WMS\u00a0Mobile help pages \u2013 Mobile warehouse management","og_description":"Use JTL-WMS\u00a0Mobile to access all functions of JTL-WMS on your mobile device. Read here how to optimally set up JTL-WMS\u00a0Mobile.","og_url":"https:\/\/guide.jtl-software.com\/en\/jtl-wms\/jtl-wms-mobile\/","og_site_name":"JTL-Guide","article_modified_time":"2023-06-16T08:19:54+00:00","twitter_card":"summary_large_image","twitter_misc":{"Est. reading time":"8 minutes"},"schema":{"@context":"https:\/\/schema.org","@graph":[{"@type":"WebPage","@id":"https:\/\/guide.jtl-software.com\/en\/jtl-wms\/jtl-wms-mobile\/","url":"https:\/\/guide.jtl-software.com\/en\/jtl-wms\/jtl-wms-mobile\/","name":"JTL-WMS\u00a0Mobile help pages \u2013 Mobile warehouse management","isPartOf":{"@id":"https:\/\/guide.jtl-software.com\/en\/#website"},"datePublished":"2019-02-11T10:16:16+00:00","dateModified":"2023-06-16T08:19:54+00:00","description":"Use JTL-WMS\u00a0Mobile to access all functions of JTL-WMS on your mobile device. Read here how to optimally set up JTL-WMS\u00a0Mobile.","breadcrumb":{"@id":"https:\/\/guide.jtl-software.com\/en\/jtl-wms\/jtl-wms-mobile\/#breadcrumb"},"inLanguage":"en-en","potentialAction":[{"@type":"ReadAction","target":["https:\/\/guide.jtl-software.com\/en\/jtl-wms\/jtl-wms-mobile\/"]}]},{"@type":"BreadcrumbList","@id":"https:\/\/guide.jtl-software.com\/en\/jtl-wms\/jtl-wms-mobile\/#breadcrumb","itemListElement":[{"@type":"ListItem","position":1,"name":"JTL-WMS","item":"https:\/\/guide.jtl-software.com\/en\/jtl-wms\/"},{"@type":"ListItem","position":2,"name":"JTL-WMS\u00a0Mobile"}]},{"@type":"WebSite","@id":"https:\/\/guide.jtl-software.com\/en\/#website","url":"https:\/\/guide.jtl-software.com\/en\/","name":"JTL-Guide","description":"Dokumentation f\u00fcr die gesamte Produktfamilie von JTL","potentialAction":[{"@type":"SearchAction","target":{"@type":"EntryPoint","urlTemplate":"https:\/\/guide.jtl-software.com\/en\/?s={search_term_string}"},"query-input":{"@type":"PropertyValueSpecification","valueRequired":true,"valueName":"search_term_string"}}],"inLanguage":"en-en"}]}},"_links":{"self":[{"href":"https:\/\/guide.jtl-software.com\/en\/wp-json\/wp\/v2\/pages\/191851","targetHints":{"allow":["GET"]}}],"collection":[{"href":"https:\/\/guide.jtl-software.com\/en\/wp-json\/wp\/v2\/pages"}],"about":[{"href":"https:\/\/guide.jtl-software.com\/en\/wp-json\/wp\/v2\/types\/page"}],"author":[{"embeddable":true,"href":"https:\/\/guide.jtl-software.com\/en\/wp-json\/wp\/v2\/users\/2"}],"replies":[{"embeddable":true,"href":"https:\/\/guide.jtl-software.com\/en\/wp-json\/wp\/v2\/comments?post=191851"}],"version-history":[{"count":5,"href":"https:\/\/guide.jtl-software.com\/en\/wp-json\/wp\/v2\/pages\/191851\/revisions"}],"predecessor-version":[{"id":205627,"href":"https:\/\/guide.jtl-software.com\/en\/wp-json\/wp\/v2\/pages\/191851\/revisions\/205627"}],"up":[{"embeddable":true,"href":"https:\/\/guide.jtl-software.com\/en\/wp-json\/wp\/v2\/pages\/191860"}],"wp:attachment":[{"href":"https:\/\/guide.jtl-software.com\/en\/wp-json\/wp\/v2\/media?parent=191851"}],"wp:term":[{"taxonomy":"post_tag","embeddable":true,"href":"https:\/\/guide.jtl-software.com\/en\/wp-json\/wp\/v2\/tags?post=191851"}],"curies":[{"name":"wp","href":"https:\/\/api.w.org\/{rel}","templated":true}]}}