{"id":235048,"date":"2023-10-04T13:22:50","date_gmt":"2023-10-04T11:22:50","guid":{"rendered":"https:\/\/guide.jtl-software.com\/changing-the-company-settings\/"},"modified":"2023-10-09T12:20:00","modified_gmt":"2023-10-09T10:20:00","slug":"changing-the-company-settings","status":"publish","type":"page","link":"https:\/\/guide.jtl-software.com\/en\/changing-the-company-settings\/","title":{"rendered":"Changing the company settings"},"content":{"rendered":"<div class=\"wpb-content-wrapper\">[vc_row][vc_column width=&#8221;1\/3&#8243; responsive=&#8221;{&#8220;col&#8220;: &#8220;12&#8220;, &#8220;order-md&#8220;: &#8220;1&#8220;, &#8220;col-lg&#8220;: &#8220;4&#8220;, &#8220;order-lg&#8220;: &#8220;12&#8220;}&#8221; advanced=&#8221;{&#8220;class&#8220;: &#8220;&#8220;, &#8220;hash&#8220;: &#8220;&#8220;}&#8221;]<div id=\"toc\">\n\t<div class=\"card border-0 bg-rysywhite mt-0 mt-lg-5 mb-5 w-100\" data-toc-element>\n\t\t<div class=\"d-none d-lg-flex flex-column\">\n\t\t\t<span class=\"fa-layers mx-auto mt--4 fa-fw fa-3x text-shaftblue\">\n\t\t\t\t<span class=\"fas fa-circle\"><\/span>\n\t\t\t\t<span class=\"fas fa-inverse fa-list-ul\" data-fa-transform=\"shrink-8\"><\/span>\n\t\t\t<\/span>\n\t\t\t<span class=\"font-weight-bold text-shaftblue text-center h5 mt-3 mb-0\">Contents<\/span>\n\t\t<\/div>\n\t\t<div class=\"d-block d-lg-none\">\n\t\t\t<a class=\"text-decoration-none card-header-link collapsed\" data-toggle=\"collapse\" href=\"#collapse-toc\" aria-expanded=\"false\" aria-controls=\"collapse-toc\">\n\t\t\t\t<div class=\"card-header d-flex bg-white align-items-center\" role=\"tab\" id=\"heading-toc\">\n\t\t\t\t\t<span class=\"h4 mb-0 d-flex align-items-center\">\n\t\t\t\t\t\t<span class=\"fa-layers fa-fw fa-2x mr-2 text-shaftblue\">\n\t\t\t\t\t\t\t<span class=\"fas fa-circle\"><\/span>\n\t\t\t\t\t\t\t<span class=\"fas fa-inverse fa-list-ul\" data-fa-transform=\"shrink-8\"><\/span>\n\t\t\t\t\t\t<\/span>\n\t\t\t\t\t\t<span>Contents<\/span>\n\t\t\t\t\t<\/span>\n\t\t\t\t\t<span class=\"flex-shrink-0 ml-auto fas fa-caret-down text-gray\"><\/span>\n\t\t\t\t<\/div>\n\t\t\t<\/a>\n\t\t<\/div>\n\t\t<div id=\"collapse-toc\" class=\"collapse show\" data-parent=\"#toc\" role=\"tabpanel\" aria-labelledby=\"heading-toc\">\n\t\t\t<div class=\"card-body p-4 table-of-content\">\n\t\t\t\t<ul data-toc-headings=\"h2,h3\" data-toc class=\"list-wawi\"><\/ul>\n\t\t\t<\/div>\n\t    <\/div>\n\t<\/div>\n<\/div><div class=\"sticky-top d-none d-xs-none d-sm-none d-md-none d-lg-block d-xl-block card\">\n\t\t\t<div class=\"card-body p-4\">\n\t\t<p class=\"mb-xs--4 d-flex align-items-center hl-wawi h3\">Videos<\/p><p class=\"d-flex align-items-center hl-wawi h6\">Company and email settings<\/p><div class=\"mb-3 embed-responsive embed-responsive-16by9\">\n\t\t\t<div class=\"embed-responsive-item\" data-youtubeCover=\"{&quot;player&quot;:{&quot;videoID&quot;:&quot;JGFmZ4KIbbE&quot;}}\">\n\t\t\t\t\t\t\t<div class=\"cover max poster\">\n\t\t\t\t\t<img loading=\"lazy\" decoding=\"async\" src=\"https:\/\/guide.jtl-software.com\/uploads\/youtube-thumbs\/JGFmZ4KIbbE-maxresdefault.jpg\" width=\"560\" height=\"315\">\n\t\t\t\t\t<span class=\"fab fa-youtube video-icon\"><\/span>\n\t\t\t\t<\/div>\n\t\t\t\t\t<\/div>\n\t<\/div>\n\t<p>In this video, we will explain the company and email settings in JTL-Wawi.<\/p>\n\t<\/div>\n<\/div>[\/vc_column][vc_column responsive=&#8221;{&#8220;col&#8220;: &#8220;12&#8220;, &#8220;col-md&#8220;: &#8220;8&#8220;, &#8220;order-md&#8220;: &#8220;12&#8220;, &#8220;order-lg&#8220;: &#8220;1&#8220;}&#8221; width=&#8221;2\/3&#8243; advanced=&#8221;{&#8220;class&#8220;: &#8220;&#8220;, &#8220;hash&#8220;: &#8220;&#8220;}&#8221;]<h1 class=\"d-flex align-items-center hl-wawi\" id=\"changing-company-settings-in-jtl-wawi\">Changing company settings in JTL-Wawi <span id='anchor-changing-company-settings-in-jtl-wawi' data-href='#changing-company-settings-in-jtl-wawi' class='far fa-link' data-anchor><\/span><\/h1><div class=\"custom-box\">\n\t<div class=\"d-flex align-items-center mb-4\">\n\t\t\t\t\t\t\t<span class=\"mr-3 fa-stack flex-shrink-0 fa-1x\">\n\t\t\t<span class=\"fas fa-circle fa-stack-2x text-shaftblue\"><\/span>\n\t\t\t\t\t<span class=\"flex-shrink-0 fas fa-clipboard-list text-white fa-stack-1x\"><\/span>\n\t\t\t\t\t<\/span>\n\t\t\t\t\n\t\t\n\t\t<h3 class=\"mb-0 \" id=\"your-task-initial-situation\">Your task\/initial situation <span id='anchor-your-task-initial-situation' data-href='#your-task-initial-situation' class='far fa-link' data-anchor><\/span><\/h3>\t<\/div>\n\t<div class=\"box-content\">\n\t\tSie m\u00f6chten die Darstellung von einem oder mehreren Au\u00dfenauftritten f\u00fcr Ihr Unternehmen konfigurieren,\u00a0z.B. unterschiedliche Onlineshops, die jedoch auf ein gemeinsames Produktsortiment und dessen Best\u00e4nde zur\u00fcckgreifen. Dazu k\u00f6nnen Sie je Au\u00dfenauftritt eigene Firmen- und E-Mail-Einstellungen konfigurieren. Die entsprechende Firmierung wird dann gegen\u00fcber Kunden in Rechnungsdokumenten, E-Mails sowie anderen Begleitdokumenten einer Sendung ausgegeben.\t<\/div>\n<\/div>\n<h2 class=\"d-flex align-items-center hl-wawi\" id=\"allgemeines-zu-firmeneinstellungen\">Allgemeines zu Firmeneinstellungen <span id='anchor-allgemeines-zu-firmeneinstellungen' data-href='#allgemeines-zu-firmeneinstellungen' class='far fa-link' data-anchor><\/span><\/h2><h6 class=\"d-flex align-items-center hl-wawi\" id=\"was-bedeutet-firma-innerhalb-eines-jtl-wawi-mandanten\">Was bedeutet Firma innerhalb eines JTL-Wawi-Mandanten? <span id='anchor-was-bedeutet-firma-innerhalb-eines-jtl-wawi-mandanten' data-href='#was-bedeutet-firma-innerhalb-eines-jtl-wawi-mandanten' class='far fa-link' data-anchor><\/span><\/h6><ul class=\"list-reset ml-3 list-icons list-custom-square list-wawi\">\n\t<li >\n\t\t\t<span class=\"list-icon fas fa-square\"><\/span>\t\tFirma bezeichnet bei JTL einen gesch\u00fctzten rechtlichen Namen, unter dem das Unternehmen handelt. Beispiel: Floras Blumenladen.\t<\/li><li >\n\t\t\t<span class=\"list-icon fas fa-square\"><\/span>\t\tIm Handelsgesetzbuch wird die Firmierung\/Firma als Name eines Kaufmanns bezeichnet, mit dem dieser im Rechts- und Gesch\u00e4ftsverkehr auftritt.\t<\/li><li >\n\t\t\t<span class=\"list-icon fas fa-square\"><\/span>\t\tOnlineh\u00e4ndler treten gegen\u00fcber Kunden oft \u00fcber mehrere Au\u00dfenauftritte, z.B. Onlineshops auf, die sich in ihrer Firmierung teils deutlich voneinander unterscheiden.\t<\/li><li >\n\t\t\t<span class=\"list-icon fas fa-square\"><\/span>\t\t<strong>Beispiel:<\/strong> Ein Onlineshop f\u00fcr Luxusartikel und weiterer Onlineshop f\u00fcr Spezialbedarf. Beide Onlineshops greifen aber auf dasselbe Produktsortiment des dahinter stehenden Unternehmens zur\u00fcck.\t<\/li><\/ul><h6 class=\"d-flex align-items-center hl-wawi\" id=\"wann-entspricht-ein-unternehmen-genau-einem-jtl-wawi-mandanten\">Wann entspricht ein Unternehmen genau einem JTL-Wawi-Mandanten? <span id='anchor-wann-entspricht-ein-unternehmen-genau-einem-jtl-wawi-mandanten' data-href='#wann-entspricht-ein-unternehmen-genau-einem-jtl-wawi-mandanten' class='far fa-link' data-anchor><\/span><\/h6><ul class=\"list-reset ml-3 list-icons list-custom-square list-wawi\">\n\t<li >\n\t\t\t<span class=\"list-icon fas fa-square\"><\/span>\t\tUnternehmen oder Unternehmung beschreibt die Leistungserstellung selbst. Es beschreibt die kleinste rechtliche selbstst\u00e4ndige Einheit, die aus handels- bzw. steuerrechtlichen Gr\u00fcnden B\u00fccher f\u00fchrt und eine j\u00e4hrliche Feststellung des Verm\u00f6gensbestandes bzw. des Erfolgs der wirtschaftlichen T\u00e4tigkeit vornehmen muss.\t<\/li><li >\n\t\t\t<span class=\"list-icon fas fa-square\"><\/span>\t\tDie Rechnungen, die innerhalb eines JTL-Wawi-Mandanten erstellt werden, geh\u00f6ren allesamt zu dieser Buchf\u00fchrung. Lesen Sie mehr zum Thema hier: <span style=\"color: #f68b25;\">Allgemeines zur Mandantenf\u00e4higkeit<\/span>.\t<\/li><li >\n\t\t\t<span class=\"list-icon fas fa-square\"><\/span>\t\tIn der Regel geh\u00f6rt auch der Lagerbestand demselben Unternehmen &#8211; und nicht den unterschiedlichen Onlineshops, die gegen\u00fcber dem Kunden beworben werden.\t<\/li><li >\n\t\t\t<span class=\"list-icon fas fa-square\"><\/span>\t\tAuch die eingesetzte Software, deren Daten bzw. die Datenbank innerhalb eines JTL-Wawi-Mandanten geh\u00f6ren dem einen, dahinterstehenden Unternehmen.\t<\/li><li >\n\t\t\t<span class=\"list-icon fas fa-square\"><\/span>\t\tDamit geht oft einher, dass auch die Betriebsinfrastruktur inklusive aller Lizenzen von JTL oder von Partnern aus dem ExtensionStore diesem Unternehmen geh\u00f6ren.\t<\/li><li >\n\t\t\t<span class=\"list-icon fas fa-square\"><\/span>\t\tDeshalb geh\u00f6rt ein JTL-Wawi-Mandant genau zu einem JTL-Kundenkonto, in dem alle Lizenzen f\u00fcr diesen Mandanten liegen m\u00fcssen. Lesen Sie mehr zum Thema hier: <span style=\"color: #f68b25;\">Betriebsinfrastruktur korrekt einrichten<\/span>.\t<\/li><\/ul><h3 class=\"d-flex align-items-center hl-wawi\" id=\"wichtiger-hinweis-rechnungen-von-jtl\">Wichtiger Hinweis: Rechnungen von JTL <span id='anchor-wichtiger-hinweis-rechnungen-von-jtl' data-href='#wichtiger-hinweis-rechnungen-von-jtl' class='far fa-link' data-anchor><\/span><\/h3>\t<p>Wenn Sie bisher zwei oder mehrere JTL-Kundenkonten betrieben haben, um f\u00fcr jede Ihrer Firmen eigene Rechnungen zu erhalten, sprechen Sie bitte mit Ihrem Steuerberater \u00fcber die neuen Gegebenheiten und re-organisieren Sie bei Bedarf Ihre Struktur. Fragen Sie sich: &#8220;Welcher Firma geh\u00f6rt eigentlich die Software und der Datenbestand des JTL-Wawi-Mandanten?&#8221; Von dieser Antwort ausgehend k\u00f6nnten Sie beispielsweise Ihre steuerliche Struktur re-organisieren mit Fragen wie &#8220;Wer hat wem bei gemeinsamer Nutzung eine Rechnung zu stellen?&#8221;.<\/p>\n<h2 class=\"d-flex align-items-center hl-wawi\" id=\"company-settings\">Company settings <span id='anchor-company-settings' data-href='#company-settings' class='far fa-link' data-anchor><\/span><\/h2>\t<p>Via the&nbsp;<span class=\"highlight\">Admin &gt; Global: Managing company and email settings<\/span>&nbsp;menu item, you can manage the companies and e-mail accounts that are stored in JTL-Wawi. The dialogue box consists of multiple tabs.<\/p>\n\t\t\t\t\t\t<div data-gallery>\n\t\t\t\t\t\t\t\t\t<a href=\"https:\/\/guide.jtl-software.com\/uploads\/managing_company_and_email_settings_jtl_wawi.png\" itemprop=\"contentUrl\">\n\t\t\t\t\t\t\t<img loading=\"lazy\" decoding=\"async\" src=\"https:\/\/guide.jtl-software.com\/uploads\/managing_company_and_email_settings_jtl_wawi.png\" srcset=\"https:\/\/guide.jtl-software.com\/uploads\/managing_company_and_email_settings_jtl_wawi.png 1600w,https:\/\/guide.jtl-software.com\/uploads\/managing_company_and_email_settings_jtl_wawi-1024x753.png 1024w,https:\/\/guide.jtl-software.com\/uploads\/managing_company_and_email_settings_jtl_wawi-768x564.png 640w\" width=\"1158\" sizes=\"auto, (max-width: 20em) 30vw, (max-width: 30em) 60vw, (max-width: 40em) 90vw\" height=\"851\" data-pswp=\"{&quot;src&quot;:&quot;https:\\\/\\\/guide.jtl-software.com\\\/uploads\\\/managing_company_and_email_settings_jtl_wawi.png&quot;,&quot;w&quot;:1158,&quot;h&quot;:851}\" class=\"border-gray border-w-1 border img-fluid mb-5\">\n\t\t\t\t\t\t\t<\/a>\n\t\t\t\t\t\t\t\t<\/div>\n\t\t\t<h3 class=\"d-flex align-items-center hl-wawi\" id=\"company-data\">Company data <span id='anchor-company-data' data-href='#company-data' class='far fa-link' data-anchor><\/span><\/h3>\t<p>In den Firmeneinstellungen innerhalb eines JTL-Wawi-Mandanten k\u00f6nnen Sie mehrere Au\u00dfenauftritte Ihres Unternehmens verwalten, z.B. mehrere Onlineshop-Auftritte. Insbesondere die Begleitdokumente einer Sendung wie Lieferschein, Versandlabel, Versandbest\u00e4tigung und die Rechnungsdokumente sollen dem Kunden gegen\u00fcber ein einheitliches Bild ergeben, das dem Onlineshop-Auftritt entspricht, \u00fcber den der Kunde das Produkt erworben hat.<\/p>\n\t<p><b>Company address:&nbsp;<\/b>Set up your company by clicking on <span class=\"highlight\">Create<\/span>. Then, enter your company\u2019s address. Please note that all company details entered here will be displayed exactly like this in print and email templates.<\/p>\n<div class=\"media-object media-object-border d-flex align-items-top\">\n\t\n\t\t\n\t\t<span class=\"mt-1 mr-3 flex-shrink-0 far fa-exclamation-circle fa-2x columnsize-fa-2x text-wawi\"><\/span>\n\t\t\t<span class=\"media-content border-wawi\">\n\t\n\t\t\t<span style=\"color: #f68b25;\"><strong>Attention:<\/strong><\/span> It is absolutely necessary to indicate the&nbsp;<span class=\"highlight\">correct country of your company<\/span> in this window! The reason for this is that settings regarding tax zones are applied automatically, depending on the country that you select here.\t\t\t<\/span>\n\t\n\t<\/div>\n\n\n<hr  \/>\n\t<p><b>Account details:&nbsp;<\/b>Here, you can enter your account details to be printed on customer invoices.<\/p>\n<hr  \/>\n\t<p><b>Creditor ID: <\/b>Enter your creditor ID here. This is usually necessary to use the direct debit scheme.<\/p>\n\t<p>In Germany, the identifier is exactly 18 digits long. For testing purposes, the Bundesbank provides the following test creditor identification number with a valid test number: DE98ZZZ09999999999&#8243; (source: Wikipedia).<\/p>\n<hr  \/>\n\t<p><strong>Small-business owner:<\/strong> By activating this option, there will be no VAT number displayed on invoices, in sales orders, etc.<\/p>\n<div class=\"media-object media-object-border d-flex align-items-top\">\n\t\n\t\t\n\t\t<span class=\"mt-1 mr-3 flex-shrink-0 far fa-info-circle fa-2x columnsize-fa-2x text-wawi\"><\/span>\n\t\t\t<span class=\"media-content border-wawi\">\n\t\n\t\t\t<span style=\"color: #f68b25;\"><strong>Hinweis:<\/strong><\/span> Sie m\u00fcssen nach \u00c4nderung dieser Einstellung Ihre Firmen-Steuereinstellungen, sowie betroffene Vorlagen, eigenst\u00e4ndig anpassen.\t\t\t<\/span>\n\t\n\t<\/div>\n\n\n<hr  \/>\n\t<p><b>Shipping data export: <\/b>Here, you can save your DHL INTRASHIP or UPS customer number, if you have one. For more information, read here about<span style=\"color: #f68b25;\">&nbsp;<a class=\"JTL-Wawi-color\" style=\"color: #f68b25;\" title=\"Category:JTL-Wawi:Shipping\" href=\"https:\/\/guide.jtl-software.com\/jtl-wawi\/versand\/\">Shipping.<\/a><\/span><\/p>\n<div class=\"sticky-top d-block d-xs-block d-sm-block d-md-block d-lg-none d-xl-none card\">\n\t\t\t<div class=\"card-body p-4\">\n\t\t<p class=\"mb-xs--4 d-flex align-items-center hl-wawi h3\">Videos<\/p><p class=\"d-flex align-items-center hl-wawi h6\">Company and email settings<\/p><div class=\"mb-3 embed-responsive embed-responsive-16by9\">\n\t\t\t<div class=\"embed-responsive-item\" data-youtubeCover=\"{&quot;player&quot;:{&quot;videoID&quot;:&quot;JGFmZ4KIbbE&quot;}}\">\n\t\t\t\t\t\t\t<div class=\"cover max poster\">\n\t\t\t\t\t<img loading=\"lazy\" decoding=\"async\" src=\"https:\/\/guide.jtl-software.com\/uploads\/youtube-thumbs\/JGFmZ4KIbbE-maxresdefault.jpg\" width=\"560\" height=\"315\">\n\t\t\t\t\t<span class=\"fab fa-youtube video-icon\"><\/span>\n\t\t\t\t<\/div>\n\t\t\t\t\t<\/div>\n\t<\/div>\n\t<p>In this video, we will explain the company and email settings in JTL-Wawi.<\/p>\n\t<\/div>\n<\/div><div class=\"mt-5 card\">\n\t\t\t<span class=\"fa-layers mx-auto mt--4 fa-fw fa-3x text-wawi\">\n\t\t\t<span class=\"fas fa-circle\"><\/span>\n\t\t\t<span data-fa-transform=\"shrink-8\" class=\"fas fa-link fa-inverse\"><\/span>\n\t\t<\/span>\n\t\t\t<div class=\"card-body p-4\">\n\t\t<h4 class=\"d-flex align-items-center hl-wawi\" id=\"related-topics\">Related topics <span id='anchor-related-topics' data-href='#related-topics' class='far fa-link' data-anchor><\/span><\/h4>\n<ul class=\"list-reset list-icons list-custom-square list-wawi\">\n\t\t\t\t\t\t<li>\n\t\t\t\t<a href=\"https:\/\/guide.jtl-software.com\/en\/changing-email-settings-in-jtl-wawi\/\" title=\"Changing email settings in JTL-Wawi\">\n\t\t\t\t\t<span class=\"list-icon fas fa-square\"><\/span>\t\t\t\t\tChanging email settings in JTL-Wawi\t\t\t\t<\/a>\n\t\t\t<\/li>\n\t\t\t\t\t<li>\n\t\t\t\t<a href=\"https:\/\/guide.jtl-software.com\/en\/adding-vat-identification-numbers\/\" title=\"Adding VAT identification numbers\">\n\t\t\t\t\t<span class=\"list-icon fas fa-square\"><\/span>\t\t\t\t\tAdding VAT identification numbers\t\t\t\t<\/a>\n\t\t\t<\/li>\n\t\t\t\t<\/ul>\t<\/div>\n<\/div>[\/vc_column][\/vc_row]<\/div>","protected":false},"excerpt":{"rendered":"[vc_row][vc_column width=&#8221;1\/3&#8243; responsive=&#8221;{&#8220;col&#8220;: &#8220;12&#8220;, &#8220;order-md&#8220;: &#8220;1&#8220;, &#8220;col-lg&#8220;: &#8220;4&#8220;, &#8220;order-lg&#8220;: &#8220;12&#8220;}&#8221; advanced=&#8221;{&#8220;class&#8220;: &#8220;&#8220;, &#8220;hash&#8220;: &#8220;&#8220;}&#8221;][\/vc_column][vc_column responsive=&#8221;{&#8220;col&#8220;: &#8220;12&#8220;, &#8220;col-md&#8220;: &#8220;8&#8220;, &#8220;order-md&#8220;: &#8220;12&#8220;, <a href=\"https:\/\/guide.jtl-software.com\/en\/adding-vat-identification-numbers\/\">[&#8230;]<\/a>","protected":false},"author":2,"featured_media":0,"parent":0,"menu_order":310,"comment_status":"closed","ping_status":"closed","template":"","meta":{"_acf_changed":false,"_relevanssi_hide_post":"","_relevanssi_hide_content":"","_relevanssi_pin_for_all":"","_relevanssi_pin_keywords":"","_relevanssi_unpin_keywords":"","_relevanssi_related_keywords":"","_relevanssi_related_include_ids":"","_relevanssi_related_exclude_ids":"","_relevanssi_related_no_append":"","_relevanssi_related_not_related":"","_relevanssi_related_posts":"","_relevanssi_noindex_reason":"","footnotes":""},"tags":[],"class_list":["post-235048","page","type-page","status-publish","hentry","pages_category-company-settings-en"],"acf":[],"yoast_head":"<!-- This site is optimized with the Yoast SEO plugin v26.8 - https:\/\/yoast.com\/product\/yoast-seo-wordpress\/ -->\n<title>Changing the company settings &#8211; JTL-Guide<\/title>\n<meta name=\"robots\" content=\"index, follow, max-snippet:-1, max-image-preview:large, max-video-preview:-1\" \/>\n<link rel=\"canonical\" href=\"https:\/\/guide.jtl-software.com\/en\/changing-the-company-settings\/\" \/>\n<meta property=\"og:locale\" content=\"en_US\" \/>\n<meta property=\"og:type\" content=\"article\" \/>\n<meta property=\"og:title\" content=\"Changing the company settings &#8211; JTL-Guide\" \/>\n<meta property=\"og:description\" content=\"[vc_row][vc_column width=&#8221;1\/3&#8243; responsive=&#8221;{&#8220;col&#8220;: &#8220;12&#8220;, &#8220;order-md&#8220;: &#8220;1&#8220;, &#8220;col-lg&#8220;: &#8220;4&#8220;, &#8220;order-lg&#8220;: &#8220;12&#8220;}&#8221; advanced=&#8221;{&#8220;class&#8220;: &#8220;&#8220;, &#8220;hash&#8220;: &#8220;&#8220;}&#8221;][\/vc_column][vc_column responsive=&#8221;{&#8220;col&#8220;: &#8220;12&#8220;, &#8220;col-md&#8220;: &#8220;8&#8220;, &#8220;order-md&#8220;: &#8220;12&#8220;, [...]\" \/>\n<meta property=\"og:url\" content=\"https:\/\/guide.jtl-software.com\/en\/changing-the-company-settings\/\" \/>\n<meta property=\"og:site_name\" content=\"JTL-Guide\" \/>\n<meta property=\"article:modified_time\" content=\"2023-10-09T10:20:00+00:00\" \/>\n<meta name=\"twitter:card\" content=\"summary_large_image\" \/>\n<meta name=\"twitter:label1\" content=\"Est. reading time\" \/>\n\t<meta name=\"twitter:data1\" content=\"9 minutes\" \/>\n<script type=\"application\/ld+json\" class=\"yoast-schema-graph\">{\"@context\":\"https:\/\/schema.org\",\"@graph\":[{\"@type\":\"WebPage\",\"@id\":\"https:\/\/guide.jtl-software.com\/en\/changing-the-company-settings\/\",\"url\":\"https:\/\/guide.jtl-software.com\/en\/changing-the-company-settings\/\",\"name\":\"Changing the company settings &#8211; JTL-Guide\",\"isPartOf\":{\"@id\":\"https:\/\/guide.jtl-software.com\/en\/#website\"},\"datePublished\":\"2023-10-04T11:22:50+00:00\",\"dateModified\":\"2023-10-09T10:20:00+00:00\",\"inLanguage\":\"en-en\",\"potentialAction\":[{\"@type\":\"ReadAction\",\"target\":[\"https:\/\/guide.jtl-software.com\/en\/changing-the-company-settings\/\"]}]},{\"@type\":\"WebSite\",\"@id\":\"https:\/\/guide.jtl-software.com\/en\/#website\",\"url\":\"https:\/\/guide.jtl-software.com\/en\/\",\"name\":\"JTL-Guide\",\"description\":\"Dokumentation f\u00fcr die gesamte Produktfamilie von JTL\",\"potentialAction\":[{\"@type\":\"SearchAction\",\"target\":{\"@type\":\"EntryPoint\",\"urlTemplate\":\"https:\/\/guide.jtl-software.com\/en\/?s={search_term_string}\"},\"query-input\":{\"@type\":\"PropertyValueSpecification\",\"valueRequired\":true,\"valueName\":\"search_term_string\"}}],\"inLanguage\":\"en-en\"}]}<\/script>\n<!-- \/ Yoast SEO plugin. -->","yoast_head_json":{"title":"Changing the company settings &#8211; JTL-Guide","robots":{"index":"index","follow":"follow","max-snippet":"max-snippet:-1","max-image-preview":"max-image-preview:large","max-video-preview":"max-video-preview:-1"},"canonical":"https:\/\/guide.jtl-software.com\/en\/changing-the-company-settings\/","og_locale":"en_US","og_type":"article","og_title":"Changing the company settings &#8211; JTL-Guide","og_description":"[vc_row][vc_column width=&#8221;1\/3&#8243; responsive=&#8221;{&#8220;col&#8220;: &#8220;12&#8220;, &#8220;order-md&#8220;: &#8220;1&#8220;, &#8220;col-lg&#8220;: &#8220;4&#8220;, &#8220;order-lg&#8220;: &#8220;12&#8220;}&#8221; advanced=&#8221;{&#8220;class&#8220;: &#8220;&#8220;, &#8220;hash&#8220;: &#8220;&#8220;}&#8221;][\/vc_column][vc_column responsive=&#8221;{&#8220;col&#8220;: &#8220;12&#8220;, &#8220;col-md&#8220;: &#8220;8&#8220;, &#8220;order-md&#8220;: &#8220;12&#8220;, [...]","og_url":"https:\/\/guide.jtl-software.com\/en\/changing-the-company-settings\/","og_site_name":"JTL-Guide","article_modified_time":"2023-10-09T10:20:00+00:00","twitter_card":"summary_large_image","twitter_misc":{"Est. reading time":"9 minutes"},"schema":{"@context":"https:\/\/schema.org","@graph":[{"@type":"WebPage","@id":"https:\/\/guide.jtl-software.com\/en\/changing-the-company-settings\/","url":"https:\/\/guide.jtl-software.com\/en\/changing-the-company-settings\/","name":"Changing the company settings &#8211; JTL-Guide","isPartOf":{"@id":"https:\/\/guide.jtl-software.com\/en\/#website"},"datePublished":"2023-10-04T11:22:50+00:00","dateModified":"2023-10-09T10:20:00+00:00","inLanguage":"en-en","potentialAction":[{"@type":"ReadAction","target":["https:\/\/guide.jtl-software.com\/en\/changing-the-company-settings\/"]}]},{"@type":"WebSite","@id":"https:\/\/guide.jtl-software.com\/en\/#website","url":"https:\/\/guide.jtl-software.com\/en\/","name":"JTL-Guide","description":"Dokumentation f\u00fcr die gesamte Produktfamilie von JTL","potentialAction":[{"@type":"SearchAction","target":{"@type":"EntryPoint","urlTemplate":"https:\/\/guide.jtl-software.com\/en\/?s={search_term_string}"},"query-input":{"@type":"PropertyValueSpecification","valueRequired":true,"valueName":"search_term_string"}}],"inLanguage":"en-en"}]}},"_links":{"self":[{"href":"https:\/\/guide.jtl-software.com\/en\/wp-json\/wp\/v2\/pages\/235048","targetHints":{"allow":["GET"]}}],"collection":[{"href":"https:\/\/guide.jtl-software.com\/en\/wp-json\/wp\/v2\/pages"}],"about":[{"href":"https:\/\/guide.jtl-software.com\/en\/wp-json\/wp\/v2\/types\/page"}],"author":[{"embeddable":true,"href":"https:\/\/guide.jtl-software.com\/en\/wp-json\/wp\/v2\/users\/2"}],"replies":[{"embeddable":true,"href":"https:\/\/guide.jtl-software.com\/en\/wp-json\/wp\/v2\/comments?post=235048"}],"version-history":[{"count":5,"href":"https:\/\/guide.jtl-software.com\/en\/wp-json\/wp\/v2\/pages\/235048\/revisions"}],"predecessor-version":[{"id":235546,"href":"https:\/\/guide.jtl-software.com\/en\/wp-json\/wp\/v2\/pages\/235048\/revisions\/235546"}],"wp:attachment":[{"href":"https:\/\/guide.jtl-software.com\/en\/wp-json\/wp\/v2\/media?parent=235048"}],"wp:term":[{"taxonomy":"post_tag","embeddable":true,"href":"https:\/\/guide.jtl-software.com\/en\/wp-json\/wp\/v2\/tags?post=235048"}],"curies":[{"name":"wp","href":"https:\/\/api.w.org\/{rel}","templated":true}]}}